{"id":114,"date":"2015-02-03T17:45:14","date_gmt":"2015-02-03T17:45:14","guid":{"rendered":"http:\/\/www.lemonlion.sk\/?page_id=114"},"modified":"2024-04-10T10:22:53","modified_gmt":"2024-04-10T08:22:53","slug":"kontakt","status":"publish","type":"page","link":"https:\/\/www.lemonlion.sk\/sk\/kontakt\/","title":{"rendered":"Kontakt"},"content":{"rendered":"<div class=\"wpb-content-wrapper\"><p>[vc_row row_type=&#8220;parallax&#8220; parallax_content_width=&#8220;full_width&#8220; text_align=&#8220;left&#8220; full_screen_section_height=&#8220;no&#8220; el_class=&#8220;map-row&#8220;][vc_column]<div class='google_map_shortcode_holder' style='height:450px;'><div class='qode_google_map' style='height:450px;' id='map_canvas_31256' data-addresses='[\"Lemon Lion, s.r.o., Ul. 1. m\u00e1ja 1264\/9, 020 01 P\u00fachov, Slovensko\"]' data-custom-map-style='true' data-color-overlay='#000000' data-saturation='-100' data-lightness='30' data-zoom='7' data-pin='https:\/\/www.lemonlion.sk\/wp-content\/uploads\/2016\/05\/gMap-marker.png' data-unique-id='31256' data-google-maps-scroll-wheel='false' data-snazzy-map-style='no' data-map-height='450'><\/div><div class='google_map_shortcode_overlay'><\/div><\/div>[\/vc_column][\/vc_row][vc_row css_animation=&#8220;&#8220; row_type=&#8220;row&#8220; use_row_as_full_screen_section=&#8220;no&#8220; type=&#8220;grid&#8220; angled_section=&#8220;no&#8220; text_align=&#8220;left&#8220; background_image_as_pattern=&#8220;without_pattern&#8220; z_index=&#8220;&#8220;][vc_column width=&#8220;1\/4&#8243; offset=&#8220;vc_hidden-md vc_hidden-sm vc_hidden-xs&#8220;][vc_empty_space height=&#8220;120px&#8220;][\/vc_column][vc_column width=&#8220;1\/4&#8243; offset=&#8220;vc_hidden-lg vc_hidden-sm vc_hidden-xs&#8220;][vc_empty_space height=&#8220;70px&#8220;][\/vc_column][vc_column width=&#8220;1\/4&#8243; offset=&#8220;vc_hidden-lg vc_hidden-md vc_hidden-xs&#8220;][vc_empty_space height=&#8220;70px&#8220;][\/vc_column][vc_column width=&#8220;1\/4&#8243; offset=&#8220;vc_hidden-lg vc_hidden-md vc_hidden-sm&#8220;][vc_empty_space height=&#8220;20px&#8220;][\/vc_column][\/vc_row][vc_row css_animation=&#8220;&#8220; row_type=&#8220;row&#8220; use_row_as_full_screen_section=&#8220;no&#8220; type=&#8220;grid&#8220; angled_section=&#8220;no&#8220; text_align=&#8220;center&#8220; background_image_as_pattern=&#8220;without_pattern&#8220; z_index=&#8220;&#8220;][vc_column width=&#8220;5\/12&#8243; offset=&#8220;vc_col-md-4 vc_col-xs-12&#8243; css=&#8220;.vc_custom_1625814747885{padding-top: 30px !important;padding-right: 25% !important;padding-bottom: 10px !important;padding-left: 25% !important;}&#8220;][vc_single_image image=&#8220;27947&#8243; img_size=&#8220;full&#8220; alignment=&#8220;center&#8220; onclick=&#8220;custom_link&#8220; qode_css_animation=&#8220;&#8220; link=&#8220;http:\/\/www.lemonlion.sk\/tim#kristina-strbanova&#8220; el_class=&#8220;office-manager-pic&#8220;][vc_empty_space height=&#8220;2em&#8220;][vc_column_text]<\/p>\n<p style=\"text-align: center;\"><span style=\"font-size: 13.503px;\">Office mana\u017e\u00e9rka<\/span><br \/>\nKristina \u0160trb\u00e1\u0148ov\u00e1[\/vc_column_text][vc_empty_space height=&#8220;2em&#8220;][\/vc_column][vc_column width=&#8220;1\/2&#8243; offset=&#8220;vc_col-lg-offset-0 vc_col-md-offset-0 vc_col-md-4 vc_col-sm-offset-0 vc_col-xs-12&#8243; css=&#8220;.vc_custom_1625814736455{padding-top: 30px !important;padding-right: 30px !important;padding-bottom: 30px !important;padding-left: 30px !important;}&#8220;][vc_column_text]<\/p>\n<h5><a class=\"track-phone\" href=\"tel:00421948465007\">+421 948 465 007<\/a><\/h5>\n<p>[\/vc_column_text][vc_column_text]<a class=\"track-phone\" href=\"tel:00421424324221\">+421 424 324 221<\/a>[\/vc_column_text][vc_column_text el_class=&#8220;email&#8220;]<a class=\"track-email\" href=\"mailto:lemonlion@lemonlion.sk\">lemonlion@lemonlion.sk<\/a>[\/vc_column_text][vc_empty_space height=&#8220;1.5em&#8220;][vc_column_text]<span style=\"font-size: 13.503px;\">Ke\u010f n\u00e1m p\u00ed\u0161ete e-mail, nezabudnite pros\u00edm uvies\u0165 va\u0161e telef\u00f3nne \u010d\u00edslo.<\/span>[\/vc_column_text][vc_empty_space height=&#8220;1.5em&#8220;]\n\n\t<a href=\"http:\/\/maps.apple.com\/?q=49.118620,+18.322775\" target=\"_blank\"  class=\"qode-btn qode-btn-medium qode-btn-solid qode-btn-default-hover\"  >\n\t    <span class=\"qode-btn-text\">Navig\u00e1cia<\/span>\t<\/a>\n\n[\/vc_column][vc_column width=&#8220;1\/2&#8243; offset=&#8220;vc_col-md-offset-0 vc_col-md-4 vc_col-sm-offset-5 vc_col-xs-12&#8243; css=&#8220;.vc_custom_1625814575226{padding-top: 30px !important;padding-right: 30px !important;padding-bottom: 30px !important;padding-left: 30px !important;}&#8220;][vc_column_text]<span style=\"font-size: 13.503px;\">Faktura\u010dn\u00e9 \u00fadaje:<\/span><br \/>\nLemon Lion, s.r.o.,<br \/>\nUl. 1. m\u00e1ja 1264\/9,<br \/>\n020 01 P\u00fachov[\/vc_column_text][vc_empty_space][vc_column_text]<span style=\"font-size: 13.503px;\">I\u010cO:<\/span> 44018312<br \/>\n<span style=\"font-size: 13.503px;\">I\u010c DPH:<\/span> SK2022542929<br \/>\n<span style=\"font-size: 13.503px;\">IBAN:<\/span> SK75 1100 0000 0029 2783 7163[\/vc_column_text][vc_empty_space][vc_column_text]<span style=\"font-size: 13.503px;\">Spolo\u010dnos\u0165 Lemon Lion s.r.o. je zap\u00edsan\u00e1 v Obchodnom registri Okresn\u00e9ho s\u00fadu Tren\u010d\u00edn, vlo\u017eka \u010d\u00edslo: 22962\/R.<\/span>[\/vc_column_text][\/vc_column][vc_column offset=&#8220;vc_col-md-offset-1 vc_col-md-10 vc_col-sm-offset-0 vc_col-xs-12&#8243; css=&#8220;.vc_custom_1625814558286{padding-top: 30px !important;padding-right: 30px !important;padding-bottom: 30px !important;padding-left: 55px !important;}&#8220;]<span data-type=\"circle\" data-hover-bg-color=\"#ffc236\" data-hover-icon-color=\"#ffffff\" class=\"qode_icon_shortcode fa-stack q_font_awsome_icon_stack fa-2x  \" style=\"margin: 0 25px 10px -5px; \"><a  itemprop=\"url\" href=\"http:\/\/facebook.com\/lemonlion\" target=\"_blank\"><i class=\"fa fa-circle fa-stack-base fa-stack-2x\" style=\"color: #000000;\"><\/i><i class=\"qode_icon_font_awesome fa fa-facebook qode_icon_element fa-stack-1x\" style=\"color: #ffffff;\" ><\/i><\/a><\/span><span data-type=\"circle\" data-hover-bg-color=\"#ffc236\" data-hover-icon-color=\"#ffffff\" class=\"qode_icon_shortcode fa-stack q_font_awsome_icon_stack fa-2x  \" style=\"margin: 0 25px 10px -5px; \"><a  itemprop=\"url\" href=\"https:\/\/www.behance.net\/LemonLion\" target=\"_blank\"><i class=\"fa fa-circle fa-stack-base fa-stack-2x\" style=\"color: #000000;\"><\/i><i class=\"qode_icon_font_awesome fa fa-behance qode_icon_element fa-stack-1x\" style=\"color: #ffffff;\" ><\/i><\/a><\/span><span data-type=\"circle\" data-hover-bg-color=\"#ffc236\" data-hover-icon-color=\"#ffffff\" class=\"qode_icon_shortcode fa-stack q_font_awsome_icon_stack fa-2x  \" style=\"margin: 0 25px 10px -5px; \"><a  itemprop=\"url\" href=\"https:\/\/www.youtube.com\/user\/LemonLionSk\" target=\"_blank\"><i class=\"fa fa-circle fa-stack-base fa-stack-2x\" style=\"color: #000000;\"><\/i><i class=\"qode_icon_font_awesome fa fa-youtube qode_icon_element fa-stack-1x\" style=\"color: #ffffff;\" ><\/i><\/a><\/span><span data-type=\"circle\" data-hover-bg-color=\"#ffc236\" data-hover-icon-color=\"#ffffff\" class=\"qode_icon_shortcode fa-stack q_font_awsome_icon_stack fa-2x  \" style=\"margin: 0 25px 10px -5px; \"><a  itemprop=\"url\" href=\"\" target=\"_blank\"><i class=\"fa fa-circle fa-stack-base fa-stack-2x\" style=\"color: #000000;\"><\/i><i class=\"qode_icon_font_awesome fa fa-skype qode_icon_element fa-stack-1x\" style=\"color: #ffffff;\" ><\/i><\/a><\/span><span data-type=\"circle\" data-hover-bg-color=\"#ffc236\" data-hover-icon-color=\"#ffffff\" class=\"qode_icon_shortcode fa-stack q_font_awsome_icon_stack fa-2x  \" style=\"margin: 0 25px 10px -5px; \"><a  itemprop=\"url\" href=\"https:\/\/www.instagram.com\/lemonlion.sk\/\" target=\"_blank\"><i class=\"fa fa-circle fa-stack-base fa-stack-2x\" style=\"color: #000000;\"><\/i><i class=\"qode_icon_font_awesome fa fa-instagram qode_icon_element fa-stack-1x\" style=\"color: #ffffff;\" ><\/i><\/a><\/span><span data-type=\"circle\" data-hover-bg-color=\"#ffc236\" data-hover-icon-color=\"#ffffff\" class=\"qode_icon_shortcode fa-stack q_font_awsome_icon_stack fa-2x  \" style=\"margin: 0 25px 10px -5px; \"><a  itemprop=\"url\" href=\"https:\/\/wa.me\/421918654614\" target=\"_blank\"><i class=\"fa fa-circle fa-stack-base fa-stack-2x\" style=\"color: #000000;\"><\/i><i class=\"qode_icon_font_awesome fa fa-whatsapp qode_icon_element fa-stack-1x\" style=\"color: #ffffff;\" ><\/i><\/a><\/span><span data-type=\"circle\" data-hover-bg-color=\"#ffc236\" data-hover-icon-color=\"#ffffff\" class=\"qode_icon_shortcode fa-stack q_font_awsome_icon_stack fa-2x  \" style=\"margin: 0 25px 10px -5px; \"><a  itemprop=\"url\" href=\"https:\/\/www.linkedin.com\/company\/lemon-lion-digit\u00e1lna-reklamn\u00e1-agent\u00fara\" target=\"_blank\"><i class=\"fa fa-circle fa-stack-base fa-stack-2x\" style=\"color: #000000;\"><\/i><i class=\"qode_icon_font_awesome fa fa-linkedin qode_icon_element fa-stack-1x\" style=\"color: #ffffff;\" ><\/i><\/a><\/span>[\/vc_column][\/vc_row][vc_row css_animation=&#8220;&#8220; row_type=&#8220;row&#8220; use_row_as_full_screen_section=&#8220;no&#8220; type=&#8220;grid&#8220; angled_section=&#8220;no&#8220; text_align=&#8220;left&#8220; background_image_as_pattern=&#8220;without_pattern&#8220; z_index=&#8220;&#8220;][vc_column width=&#8220;1\/4&#8243; offset=&#8220;vc_hidden-md vc_hidden-sm vc_hidden-xs&#8220;][vc_empty_space height=&#8220;110px&#8220;][\/vc_column][vc_column width=&#8220;1\/4&#8243; offset=&#8220;vc_hidden-lg vc_hidden-sm vc_hidden-xs&#8220;][vc_empty_space height=&#8220;55px&#8220;][\/vc_column][vc_column width=&#8220;1\/4&#8243; offset=&#8220;vc_hidden-lg vc_hidden-md vc_hidden-xs&#8220;][vc_empty_space height=&#8220;55px&#8220;][\/vc_column][vc_column width=&#8220;1\/4&#8243; offset=&#8220;vc_hidden-lg vc_hidden-md vc_hidden-sm&#8220;][vc_empty_space height=&#8220;55px&#8220;][\/vc_column][\/vc_row][vc_row row_type=&#8220;parallax&#8220; parallax_content_width=&#8220;full_width&#8220; text_align=&#8220;center&#8220; full_screen_section_height=&#8220;no&#8220; el_id=&#8220;formular&#8220; background_image=&#8220;22279&#8243;][vc_column][vc_row_inner row_type=&#8220;row&#8220; type=&#8220;full_width&#8220; text_align=&#8220;left&#8220; css_animation=&#8220;&#8220;][vc_column_inner width=&#8220;1\/4&#8243; offset=&#8220;vc_hidden-md vc_hidden-sm vc_hidden-xs&#8220;][vc_empty_space height=&#8220;150px&#8220;][\/vc_column_inner][vc_column_inner width=&#8220;1\/4&#8243; offset=&#8220;vc_hidden-lg vc_hidden-sm vc_hidden-xs&#8220;][vc_empty_space height=&#8220;100px&#8220;][\/vc_column_inner][vc_column_inner width=&#8220;1\/4&#8243; offset=&#8220;vc_hidden-lg vc_hidden-md vc_hidden-xs&#8220;][vc_empty_space height=&#8220;100px&#8220;][\/vc_column_inner][vc_column_inner width=&#8220;1\/4&#8243; offset=&#8220;vc_hidden-lg vc_hidden-md vc_hidden-sm&#8220;][vc_empty_space height=&#8220;50px&#8220;][\/vc_column_inner][\/vc_row_inner][vc_row_inner row_type=&#8220;row&#8220; type=&#8220;full_width&#8220; text_align=&#8220;center&#8220; css_animation=&#8220;&#8220;][vc_column_inner width=&#8220;5\/6&#8243; css=&#8220;.vc_custom_1626387437584{padding-right: 30px !important;padding-left: 30px !important;}&#8220; offset=&#8220;vc_col-lg-offset-3 vc_col-lg-6 vc_col-md-offset-2 vc_col-md-8 vc_col-sm-offset-1 vc_col-xs-12&#8243;][vc_column_text]<span class=\"h6\">Do ak\u00e9ho projektu sa spolu pust\u00edme?<\/span>[\/vc_column_text][vc_empty_space height=&#8220;30px&#8220;]\n\n\t<a href=\"https:\/\/nitramko.typeform.com\/to\/wNaiQaXM\" target=\"_blank\"  class=\"qode-btn qode-btn-medium qode-btn-solid qode-btn-default-hover\"  >\n\t    <span class=\"qode-btn-text\">Kontaktn\u00fd formul\u00e1r<\/span>\t<\/a>\n\n[\/vc_column_inner][\/vc_row_inner][vc_row_inner row_type=&#8220;row&#8220; type=&#8220;full_width&#8220; text_align=&#8220;left&#8220; css_animation=&#8220;&#8220;][vc_column_inner width=&#8220;1\/4&#8243; offset=&#8220;vc_hidden-md vc_hidden-sm vc_hidden-xs&#8220;][vc_empty_space height=&#8220;150px&#8220;][\/vc_column_inner][vc_column_inner width=&#8220;1\/4&#8243; offset=&#8220;vc_hidden-lg vc_hidden-sm vc_hidden-xs&#8220;][vc_empty_space height=&#8220;100px&#8220;][\/vc_column_inner][vc_column_inner width=&#8220;1\/4&#8243; offset=&#8220;vc_hidden-lg vc_hidden-md vc_hidden-xs&#8220;][vc_empty_space height=&#8220;100px&#8220;][\/vc_column_inner][vc_column_inner width=&#8220;1\/4&#8243; offset=&#8220;vc_hidden-lg vc_hidden-md vc_hidden-sm&#8220;][vc_empty_space height=&#8220;50px&#8220;][\/vc_column_inner][\/vc_row_inner][\/vc_column][\/vc_row]<\/p>\n<\/div>","protected":false},"excerpt":{"rendered":"<p>[vc_row row_type=&#8220;parallax&#8220; parallax_content_width=&#8220;full_width&#8220; text_align=&#8220;left&#8220; full_screen_section_height=&#8220;no&#8220; el_class=&#8220;map-row&#8220;][vc_column][\/vc_column][\/vc_row][vc_row css_animation=&#8220;&#8220; row_type=&#8220;row&#8220; use_row_as_full_screen_section=&#8220;no&#8220; type=&#8220;grid&#8220; angled_section=&#8220;no&#8220; text_align=&#8220;left&#8220; background_image_as_pattern=&#8220;without_pattern&#8220; z_index=&#8220;&#8220;][vc_column width=&#8220;1\/4&#8243; offset=&#8220;vc_hidden-md vc_hidden-sm vc_hidden-xs&#8220;][vc_empty_space height=&#8220;120px&#8220;][\/vc_column][vc_column width=&#8220;1\/4&#8243; offset=&#8220;vc_hidden-lg vc_hidden-sm vc_hidden-xs&#8220;][vc_empty_space height=&#8220;70px&#8220;][\/vc_column][vc_column width=&#8220;1\/4&#8243; offset=&#8220;vc_hidden-lg vc_hidden-md vc_hidden-xs&#8220;][vc_empty_space height=&#8220;70px&#8220;][\/vc_column][vc_column width=&#8220;1\/4&#8243; offset=&#8220;vc_hidden-lg vc_hidden-md vc_hidden-sm&#8220;][vc_empty_space height=&#8220;20px&#8220;][\/vc_column][\/vc_row][vc_row css_animation=&#8220;&#8220; row_type=&#8220;row&#8220; use_row_as_full_screen_section=&#8220;no&#8220; type=&#8220;grid&#8220; angled_section=&#8220;no&#8220; text_align=&#8220;center&#8220; background_image_as_pattern=&#8220;without_pattern&#8220; z_index=&#8220;&#8220;][vc_column width=&#8220;5\/12&#8243; offset=&#8220;vc_col-md-4 vc_col-xs-12&#8243; css=&#8220;.vc_custom_1625814747885{padding-top: 30px !important;padding-right: 25% !important;padding-bottom: 10px !important;padding-left: 25% !important;}&#8220;][vc_single_image image=&#8220;27947&#8243; img_size=&#8220;full&#8220; alignment=&#8220;center&#8220; onclick=&#8220;custom_link&#8220; qode_css_animation=&#8220;&#8220; link=&#8220;http:\/\/www.lemonlion.sk\/tim#kristina-strbanova&#8220; el_class=&#8220;office-manager-pic&#8220;][vc_empty_space height=&#8220;2em&#8220;][vc_column_text] Office mana\u017e\u00e9rka Kristina \u0160trb\u00e1\u0148ov\u00e1[\/vc_column_text][vc_empty_space height=&#8220;2em&#8220;][\/vc_column][vc_column width=&#8220;1\/2&#8243; offset=&#8220;vc_col-lg-offset-0 vc_col-md-offset-0 vc_col-md-4 vc_col-sm-offset-0 vc_col-xs-12&#8243; css=&#8220;.vc_custom_1625814736455{padding-top: 30px !important;padding-right: 30px !important;padding-bottom: 30px !important;padding-left: 30px !important;}&#8220;][vc_column_text] +421 948 465 007 [\/vc_column_text][vc_column_text]+421 424 324 221[\/vc_column_text][vc_column_text el_class=&#8220;email&#8220;]lemonlion@lemonlion.sk[\/vc_column_text][vc_empty_space height=&#8220;1.5em&#8220;][vc_column_text]Ke\u010f n\u00e1m p\u00ed\u0161ete e-mail, nezabudnite pros\u00edm uvies\u0165 va\u0161e telef\u00f3nne&#8230;<\/p>\n","protected":false},"author":1,"featured_media":0,"parent":0,"menu_order":0,"comment_status":"closed","ping_status":"open","template":"full_width.php","meta":{"inline_featured_image":false,"footnotes":""},"class_list":["post-114","page","type-page","status-publish","hentry"],"aioseo_notices":[],"_links":{"self":[{"href":"https:\/\/www.lemonlion.sk\/sk\/wp-json\/wp\/v2\/pages\/114","targetHints":{"allow":["GET"]}}],"collection":[{"href":"https:\/\/www.lemonlion.sk\/sk\/wp-json\/wp\/v2\/pages"}],"about":[{"href":"https:\/\/www.lemonlion.sk\/sk\/wp-json\/wp\/v2\/types\/page"}],"author":[{"embeddable":true,"href":"https:\/\/www.lemonlion.sk\/sk\/wp-json\/wp\/v2\/users\/1"}],"replies":[{"embeddable":true,"href":"https:\/\/www.lemonlion.sk\/sk\/wp-json\/wp\/v2\/comments?post=114"}],"version-history":[{"count":67,"href":"https:\/\/www.lemonlion.sk\/sk\/wp-json\/wp\/v2\/pages\/114\/revisions"}],"predecessor-version":[{"id":32827,"href":"https:\/\/www.lemonlion.sk\/sk\/wp-json\/wp\/v2\/pages\/114\/revisions\/32827"}],"wp:attachment":[{"href":"https:\/\/www.lemonlion.sk\/sk\/wp-json\/wp\/v2\/media?parent=114"}],"curies":[{"name":"wp","href":"https:\/\/api.w.org\/{rel}","templated":true}]}}