{"id":20498,"date":"2017-05-19T14:35:06","date_gmt":"2017-05-19T13:35:06","guid":{"rendered":"http:\/\/www.lemonlion.sk\/?page_id=20498"},"modified":"2025-01-29T12:01:14","modified_gmt":"2025-01-29T11:01:14","slug":"liohosting","status":"publish","type":"page","link":"https:\/\/www.lemonlion.sk\/sk\/liohosting\/","title":{"rendered":"Webhosting a dom\u00e9ny"},"content":{"rendered":"<div class=\"wpb-content-wrapper\"><p>[vc_row css_animation=&#8220;&#8220; row_type=&#8220;row&#8220; use_row_as_full_screen_section=&#8220;no&#8220; type=&#8220;full_width&#8220; angled_section=&#8220;no&#8220; text_align=&#8220;center&#8220; background_image_as_pattern=&#8220;without_pattern&#8220; side_padding=&#8220;10&#8243; padding_top=&#8220;70&#8243; padding_bottom=&#8220;0&#8243; css=&#8220;.vc_custom_1494854533237{margin-bottom: 0px !important;border-bottom-width: 0px !important;padding-bottom: 0px !important;}&#8220;][vc_column][vc_column_text]<\/p>\n<h1 class=\"h2\">lioHOSTING<\/h1>\n<p>[\/vc_column_text][vc_empty_space height=&#8220;30px&#8220;][vc_separator type=&#8220;small&#8220; position=&#8220;center&#8220; color=&#8220;#404040&#8243; thickness=&#8220;3&#8243; width=&#8220;50&#8243;][vc_empty_space height=&#8220;19px&#8220;][vc_column_text]<\/p>\n<h2 class=\"h6\" style=\"text-align: center;\">Cenn\u00edk webhostingov\u00fdch slu\u017eieb<\/h2>\n<p>[\/vc_column_text][vc_empty_space height=&#8220;150px&#8220;][vc_row_inner row_type=&#8220;row&#8220; type=&#8220;full_width&#8220; text_align=&#8220;left&#8220; css_animation=&#8220;&#8220;][vc_column_inner width=&#8220;1\/4&#8243; css=&#8220;.vc_custom_1495199930676{padding-bottom: 50px !important;}&#8220;][vc_column_text]<\/p>\n<p class=\"title_content\" style=\"text-align: center;\"><strong>lioHOSTING MINI<\/strong><\/p>\n<p>&nbsp;<\/p>\n<p class=\"h3\" style=\"text-align: center;\"><span class=\"price\">6,69\u00a0<sub>\u20ac<\/sub><\/span><\/p>\n<p>&nbsp;<\/p>\n<p style=\"text-align: center;\">\/ rok bez DPH (8,23\u20ac s DPH)<\/p>\n<p>&nbsp;<\/p>\n<p style=\"text-align: center;\"><strong>100 MB miesta<\/strong><\/p>\n<p style=\"text-align: center;\"><strong>PHP<\/strong><\/p>\n<p style=\"text-align: center;\"><strong>0x MySql<\/strong><\/p>\n<p style=\"text-align: center;\"><strong>0x email<\/strong><\/p>\n<p>[\/vc_column_text][vc_separator type=&#8220;small&#8220; position=&#8220;center&#8220; color=&#8220;#ffc236&#8243; thickness=&#8220;3&#8243; width=&#8220;50&#8243; up=&#8220;40&#8243; down=&#8220;40&#8243;][\/vc_column_inner][vc_column_inner width=&#8220;1\/4&#8243; css=&#8220;.vc_custom_1495199937388{padding-bottom: 50px !important;}&#8220;][vc_column_text]<\/p>\n<p class=\"title_content\" style=\"text-align: center;\"><strong>lioHOSTING MINI+<\/strong><\/p>\n<p>&nbsp;<\/p>\n<p class=\"h3\" style=\"text-align: center;\"><span class=\"price\">18,54 <sub>\u20ac<\/sub><\/span><\/p>\n<p>&nbsp;<\/p>\n<p style=\"text-align: center;\">\/ rok bez DPH (22,80\u20ac s DPH)<\/p>\n<p>&nbsp;<\/p>\n<p style=\"text-align: center;\"><strong>500 MB miesta<\/strong><\/p>\n<p style=\"text-align: center;\"><strong>PHP<\/strong><\/p>\n<p style=\"text-align: center;\"><strong>0x MySql<\/strong><\/p>\n<p style=\"text-align: center;\"><strong>1x email<\/strong><\/p>\n<p>[\/vc_column_text][vc_separator type=&#8220;small&#8220; position=&#8220;center&#8220; color=&#8220;#ffc236&#8243; thickness=&#8220;3&#8243; width=&#8220;50&#8243; up=&#8220;40&#8243; down=&#8220;40&#8243;][\/vc_column_inner][vc_column_inner width=&#8220;1\/4&#8243; css=&#8220;.vc_custom_1495199942413{padding-bottom: 50px !important;}&#8220;][vc_column_text]<\/p>\n<p class=\"title_content\" style=\"text-align: center;\"><strong>lioHOSTING STANDARD<\/strong><\/p>\n<p>&nbsp;<\/p>\n<p class=\"h3\" style=\"text-align: center;\"><span class=\"price\">39,00 <sub>\u20ac<\/sub><\/span><\/p>\n<p>&nbsp;<\/p>\n<p style=\"text-align: center;\">\/ rok bez DPH (47,97\u20ac s DPH)<\/p>\n<p>&nbsp;<\/p>\n<p style=\"text-align: center;\"><strong>2500 MB miesta<\/strong><\/p>\n<p style=\"text-align: center;\"><strong>PHP<\/strong><\/p>\n<p style=\"text-align: center;\"><strong>3x MySql<\/strong><\/p>\n<p style=\"text-align: center;\"><strong>30x email<\/strong><\/p>\n<p>[\/vc_column_text][vc_separator type=&#8220;small&#8220; position=&#8220;center&#8220; color=&#8220;#ffc236&#8243; thickness=&#8220;3&#8243; width=&#8220;50&#8243; up=&#8220;40&#8243; down=&#8220;40&#8243;][\/vc_column_inner][vc_column_inner width=&#8220;1\/4&#8243; css=&#8220;.vc_custom_1495199946596{padding-bottom: 50px !important;}&#8220;][vc_column_text]<\/p>\n<p class=\"title_content\" style=\"text-align: center;\"><strong>lioHOSTING MAXI<\/strong><\/p>\n<p>&nbsp;<\/p>\n<p class=\"h3\" style=\"text-align: center;\"><span class=\"price\">61,80 <sub>\u20ac<\/sub><\/span><\/p>\n<p>&nbsp;<\/p>\n<p style=\"text-align: center;\">\/ rok bez DPH (76,01\u20ac s DPH)<\/p>\n<p>&nbsp;<\/p>\n<p style=\"text-align: center;\"><strong>15000 MB miesta<\/strong><\/p>\n<p style=\"text-align: center;\"><strong>PHP<\/strong><\/p>\n<p style=\"text-align: center;\"><strong>10x MySql<\/strong><\/p>\n<p style=\"text-align: center;\"><strong>100x email<\/strong><\/p>\n<p>[\/vc_column_text][vc_separator type=&#8220;small&#8220; position=&#8220;center&#8220; color=&#8220;#ffc236&#8243; thickness=&#8220;3&#8243; width=&#8220;50&#8243; up=&#8220;40&#8243; down=&#8220;40&#8243;][\/vc_column_inner][\/vc_row_inner][vc_row_inner row_type=&#8220;row&#8220; type=&#8220;full_width&#8220; text_align=&#8220;left&#8220; css_animation=&#8220;&#8220;][vc_column_inner][vc_column_text]<\/p>\n<p style=\"text-align: center;\"><a  itemprop=\"url\" href=\"\/detaily-liohostingu\/\" target=\"_self\"  class=\"qbutton  small default\" style=\"\">Detaily hostingov<\/a><\/p>\n<p>[\/vc_column_text][\/vc_column_inner][\/vc_row_inner][\/vc_column][\/vc_row][vc_row css_animation=&#8220;&#8220; row_type=&#8220;row&#8220; use_row_as_full_screen_section=&#8220;no&#8220; type=&#8220;full_width&#8220; angled_section=&#8220;no&#8220; text_align=&#8220;left&#8220; background_image_as_pattern=&#8220;without_pattern&#8220; padding_top=&#8220;100&#8243; css=&#8220;.vc_custom_1495199878947{padding-right: 30px !important;padding-left: 30px !important;}&#8220;][vc_column][vc_row_inner row_type=&#8220;row&#8220; type=&#8220;grid&#8220; text_align=&#8220;left&#8220; css_animation=&#8220;&#8220; el_class=&#8220;row-narrow&#8220;][vc_column_inner][vc_column_text]<\/p>\n<h4 style=\"text-align: center;\">Cenn\u00edk dom\u00e9n<\/h4>\n<p>&nbsp;<\/p>\n<div class=\"\" data-block=\"true\" data-editor=\"3d5b3\" data-offset-key=\"fo136-0-0\">\n<div class=\"public-DraftStyleDefault-block public-DraftStyleDefault-ltr\" style=\"text-align: center;\" data-offset-key=\"fo136-0-0\"><span data-offset-key=\"fo136-0-0\"><span data-text=\"true\"><strong>.sk &#8211; Pred\u013a\u017eenie na 1 rok \u2013 14,00 \u20ac<\/strong> (17,22 \u20ac s DPH)<\/span><\/span><\/div>\n<\/div>\n<p>&nbsp;<\/p>\n<p style=\"text-align: center;\"><strong>.cz \u00a0&#8211; 13,22 \u20ac \u00a0<\/strong>(16,26 \u20ac s DPH)<\/p>\n<p style=\"text-align: center;\"><strong>.com \u00a0&#8211; 13,22 \u20ac <\/strong>\u00a0(16,26 \u20ac s DPH)<\/p>\n<p style=\"text-align: center;\"><strong>.eu \u00a0&#8211; 12,38 \u20ac \u00a0 <\/strong>(15,23 \u20ac s DPH)<\/p>\n<p>&nbsp;<\/p>\n<p style=\"text-align: center;\"><strong>.biz, .name, \u00a0.org &#8211; 13,22 \u20ac <\/strong>\u00a0(16,26 \u20ac s DPH)<\/p>\n<p>[\/vc_column_text][\/vc_column_inner][\/vc_row_inner][\/vc_column][\/vc_row][vc_row css_animation=&#8220;&#8220; row_type=&#8220;row&#8220; use_row_as_full_screen_section=&#8220;no&#8220; type=&#8220;full_width&#8220; angled_section=&#8220;no&#8220; text_align=&#8220;left&#8220; background_image_as_pattern=&#8220;without_pattern&#8220; padding_top=&#8220;90&#8243; padding_bottom=&#8220;70&#8243; css=&#8220;.vc_custom_1465394156623{padding-right: 30px !important;padding-left: 30px !important;}&#8220;][vc_column][vc_column_text]<\/p>\n<h4 style=\"text-align: center;\"><span style=\"color: #404040;\">M\u00e1te z\u00e1ujem ma\u0165 webstr\u00e1nku aj dom\u00e9nu na jednom mieste?<\/span><\/h4>\n<p>&nbsp;<\/p>\n<p style=\"text-align: center;\"><a  itemprop=\"url\" href=\"\/kontakt\" target=\"_self\" data-hover-color=\"white\" class=\"qbutton  medium default\" style=\"\">kontaktujte n\u00e1s<\/a><\/p>\n<p>[\/vc_column_text][\/vc_column][\/vc_row][vc_row css_animation=&#8220;&#8220; row_type=&#8220;row&#8220; use_row_as_full_screen_section=&#8220;no&#8220; type=&#8220;full_width&#8220; angled_section=&#8220;no&#8220; text_align=&#8220;left&#8220; background_image_as_pattern=&#8220;without_pattern&#8220; background_color=&#8220;#343b42&#8243; el_class=&#8220;form-domain-container&#8220;][vc_column][vc_row_inner row_type=&#8220;row&#8220; type=&#8220;grid&#8220; text_align=&#8220;center&#8220; css_animation=&#8220;&#8220;][vc_column_inner][vc_raw_html]<\/p>\n<p>JTNDZm9ybSUyMGlkJTNEJTIyZm9ybS1kb21haW4lMjIlM0UlMEElMDlPdmVydGUlMjBzaSUyMG9ic2FkZW5vcyVDNSVBNSUyMGRvbSVDMyVBOW55JTIwJTNDaW5wdXQlMjBpZCUzRCUyMmlucHV0LWRvbWFpbiUyMiUyMHR5cGUlM0QlMjJ0ZXh0JTIyJTIwbmFtZSUzRCUyMmRvbWFpbiUyMiUzRSUyMCUzQ2lucHV0JTIwdHlwZSUzRCUyMnN1Ym1pdCUyMiUyMHZhbHVlJTNEJTIyT3ZlcmklQzUlQTUlMjIlM0UlMEElMDklM0NiciUzRSUzQ2JyJTNFJTBBJTA5JTA5JTA5JTNDbGFiZWwlM0UlM0NpbnB1dCUyMHR5cGUlM0QlMjJjaGVja2JveCUyMiUyMG5hbWUlM0QlMjJ0bGQlNUJzayU1RCUyMiUyMGNoZWNrZWQlM0QlMjJjaGVja2VkJTIyJTIwZGF0YS10bGQlM0QlMjJzayUyMiUzRS5zayUyNm5ic3AlM0IlMjZuYnNwJTNCJTI2bmJzcCUzQiUzQyUyRmxhYmVsJTNFJTBBJTA5JTA5JTNDbGFiZWwlM0UlM0NpbnB1dCUyMHR5cGUlM0QlMjJjaGVja2JveCUyMiUyMG5hbWUlM0QlMjJ0bGQlNUJjeiU1RCUyMiUyMGRhdGEtdGxkJTNEJTIyY3olMjIlM0UuY3olMjZuYnNwJTNCJTI2bmJzcCUzQiUyNm5ic3AlM0IlM0MlMkZsYWJlbCUzRSUwQSUwOSUwOSUzQ2xhYmVsJTNFJTNDaW5wdXQlMjB0eXBlJTNEJTIyY2hlY2tib3glMjIlMjBuYW1lJTNEJTIydGxkJTVCZXUlNUQlMjIlMjBkYXRhLXRsZCUzRCUyMmV1JTIyJTNFLmV1JTI2bmJzcCUzQiUyNm5ic3AlM0IlMjZuYnNwJTNCJTNDJTJGbGFiZWwlM0UlMEElMDklMDklM0NsYWJlbCUzRSUzQ2lucHV0JTIwdHlwZSUzRCUyMmNoZWNrYm94JTIyJTIwbmFtZSUzRCUyMnRsZCU1QmNvbSU1RCUyMiUyMGRhdGEtdGxkJTNEJTIyY29tJTIyJTNFLmNvbSUyNm5ic3AlM0IlMjZuYnNwJTNCJTI2bmJzcCUzQiUzQyUyRmxhYmVsJTNFJTBBJTA5JTA5JTNDbGFiZWwlM0UlM0NpbnB1dCUyMHR5cGUlM0QlMjJjaGVja2JveCUyMiUyMG5hbWUlM0QlMjJ0bGQlNUJuZXQlNUQlMjIlMjBkYXRhLXRsZCUzRCUyMm5ldCUyMiUzRS5uZXQlMjZuYnNwJTNCJTI2bmJzcCUzQiUyNm5ic3AlM0IlM0MlMkZsYWJlbCUzRSUwQSUwOSUwOSUzQ2xhYmVsJTNFJTNDaW5wdXQlMjB0eXBlJTNEJTIyY2hlY2tib3glMjIlMjBuYW1lJTNEJTIydGxkJTVCb3JnJTVEJTIyJTIwZGF0YS10bGQlM0QlMjJvcmclMjIlM0Uub3JnJTI2bmJzcCUzQiUyNm5ic3AlM0IlMjZuYnNwJTNCJTNDJTJGbGFiZWwlM0UlMEElMDklMDklM0NsYWJlbCUzRSUzQ2lucHV0JTIwdHlwZSUzRCUyMmNoZWNrYm94JTIyJTIwbmFtZSUzRCUyMnRsZCU1QmluZm8lNUQlMjIlMjBkYXRhLXRsZCUzRCUyMmluZm8lMjIlM0UuaW5mbyUyNm5ic3AlM0IlMjZuYnNwJTNCJTI2bmJzcCUzQiUzQyUyRmxhYmVsJTNFJTBBJTA5JTA5JTNDbGFiZWwlM0UlM0NpbnB1dCUyMHR5cGUlM0QlMjJjaGVja2JveCUyMiUyMG5hbWUlM0QlMjJ0bGQlNUJuYW1lJTVEJTIyJTIwZGF0YS10bGQlM0QlMjJuYW1lJTIyJTNFLm5hbWUlMjZuYnNwJTNCJTI2bmJzcCUzQiUyNm5ic3AlM0IlM0MlMkZsYWJlbCUzRSUwQSUwOSUwOSUzQ2xhYmVsJTNFJTNDaW5wdXQlMjB0eXBlJTNEJTIyY2hlY2tib3glMjIlMjBuYW1lJTNEJTIydGxkJTVCZGUlNUQlMjIlMjBkYXRhLXRsZCUzRCUyMmRlJTIyJTNFLmRlJTI2bmJzcCUzQiUyNm5ic3AlM0IlMjZuYnNwJTNCJTNDJTJGbGFiZWwlM0UlMEElMDklMDklM0NsYWJlbCUzRSUzQ2lucHV0JTIwdHlwZSUzRCUyMmNoZWNrYm94JTIyJTIwbmFtZSUzRCUyMnRsZCU1QnBsJTVEJTIyJTIwZGF0YS10bGQlM0QlMjJwbCUyMiUzRS5wbCUyNm5ic3AlM0IlMjZuYnNwJTNCJTI2bmJzcCUzQiUzQyUyRmxhYmVsJTNFJTBBJTA5JTA5JTNDbGFiZWwlM0UlM0NpbnB1dCUyMHR5cGUlM0QlMjJjaGVja2JveCUyMiUyMG5hbWUlM0QlMjJ0bGQlNUJjby51ayU1RCUyMiUyMGRhdGEtdGxkJTNEJTIyY28udWslMjIlM0UuY28udWslMjZuYnNwJTNCJTI2bmJzcCUzQiUyNm5ic3AlM0IlM0MlMkZsYWJlbCUzRSUwQSUwOSUwOSUzQyUyRmZvcm0lM0UlMEElMEElMDklM0N0YWJsZSUyMGlkJTNEJTIyZG9tYWluLXJlc3VsdCUyMiUyMHN0eWxlJTNEJTIyZGlzcGxheSUzQWlubGluZS1ibG9jayUzQm1hcmdpbi10b3AlM0ElMjAyMHB4JTNCJTIyJTNFJTBBJTA5JTNDJTJGdGFibGUlM0U=<\/p>\n<p>[\/vc_raw_html][vc_empty_space height=&#8220;60px&#8220;][\/vc_column_inner][\/vc_row_inner][\/vc_column][\/vc_row]<\/p>\n<\/div>","protected":false},"excerpt":{"rendered":"<p>[vc_row css_animation=&#8220;&#8220; row_type=&#8220;row&#8220; use_row_as_full_screen_section=&#8220;no&#8220; type=&#8220;full_width&#8220; angled_section=&#8220;no&#8220; text_align=&#8220;center&#8220; background_image_as_pattern=&#8220;without_pattern&#8220; side_padding=&#8220;10&#8243; padding_top=&#8220;70&#8243; padding_bottom=&#8220;0&#8243; css=&#8220;.vc_custom_1494854533237{margin-bottom: 0px !important;border-bottom-width: 0px !important;padding-bottom: 0px !important;}&#8220;][vc_column][vc_column_text] lioHOSTING [\/vc_column_text][vc_empty_space height=&#8220;30px&#8220;][vc_separator type=&#8220;small&#8220; position=&#8220;center&#8220; color=&#8220;#404040&#8243; thickness=&#8220;3&#8243; width=&#8220;50&#8243;][vc_empty_space height=&#8220;19px&#8220;][vc_column_text] Cenn\u00edk webhostingov\u00fdch slu\u017eieb [\/vc_column_text][vc_empty_space height=&#8220;150px&#8220;][vc_row_inner row_type=&#8220;row&#8220; type=&#8220;full_width&#8220; text_align=&#8220;left&#8220; css_animation=&#8220;&#8220;][vc_column_inner width=&#8220;1\/4&#8243; css=&#8220;.vc_custom_1495199930676{padding-bottom: 50px !important;}&#8220;][vc_column_text] lioHOSTING MINI &nbsp; 6,69\u00a0\u20ac &nbsp; \/ rok bez DPH (8,23\u20ac s DPH) &nbsp; 100 MB miesta PHP 0x MySql 0x email [\/vc_column_text][vc_separator type=&#8220;small&#8220; position=&#8220;center&#8220; color=&#8220;#ffc236&#8243; thickness=&#8220;3&#8243; width=&#8220;50&#8243; up=&#8220;40&#8243; down=&#8220;40&#8243;][\/vc_column_inner][vc_column_inner width=&#8220;1\/4&#8243; css=&#8220;.vc_custom_1495199937388{padding-bottom: 50px !important;}&#8220;][vc_column_text] lioHOSTING MINI+ &nbsp; 18,54 \u20ac &nbsp; \/ rok bez DPH (22,80\u20ac s DPH) &nbsp; 500 MB miesta PHP 0x MySql 1x email [\/vc_column_text][vc_separator type=&#8220;small&#8220; position=&#8220;center&#8220; color=&#8220;#ffc236&#8243; thickness=&#8220;3&#8243;&#8230;<\/p>\n","protected":false},"author":2,"featured_media":0,"parent":0,"menu_order":0,"comment_status":"closed","ping_status":"closed","template":"full_width.php","meta":{"inline_featured_image":false,"footnotes":""},"class_list":["post-20498","page","type-page","status-publish","hentry"],"aioseo_notices":[],"_links":{"self":[{"href":"https:\/\/www.lemonlion.sk\/sk\/wp-json\/wp\/v2\/pages\/20498","targetHints":{"allow":["GET"]}}],"collection":[{"href":"https:\/\/www.lemonlion.sk\/sk\/wp-json\/wp\/v2\/pages"}],"about":[{"href":"https:\/\/www.lemonlion.sk\/sk\/wp-json\/wp\/v2\/types\/page"}],"author":[{"embeddable":true,"href":"https:\/\/www.lemonlion.sk\/sk\/wp-json\/wp\/v2\/users\/2"}],"replies":[{"embeddable":true,"href":"https:\/\/www.lemonlion.sk\/sk\/wp-json\/wp\/v2\/comments?post=20498"}],"version-history":[{"count":7,"href":"https:\/\/www.lemonlion.sk\/sk\/wp-json\/wp\/v2\/pages\/20498\/revisions"}],"predecessor-version":[{"id":33110,"href":"https:\/\/www.lemonlion.sk\/sk\/wp-json\/wp\/v2\/pages\/20498\/revisions\/33110"}],"wp:attachment":[{"href":"https:\/\/www.lemonlion.sk\/sk\/wp-json\/wp\/v2\/media?parent=20498"}],"curies":[{"name":"wp","href":"https:\/\/api.w.org\/{rel}","templated":true}]}}