{"id":20523,"date":"2017-05-19T14:33:39","date_gmt":"2017-05-19T13:33:39","guid":{"rendered":"http:\/\/www.lemonlion.sk\/?page_id=20523"},"modified":"2019-05-03T10:18:43","modified_gmt":"2019-05-03T09:18:43","slug":"detaily-liohostingu","status":"publish","type":"page","link":"https:\/\/www.lemonlion.sk\/sk\/detaily-liohostingu\/","title":{"rendered":"Detaily lioHOSTINGu"},"content":{"rendered":"<div class=\"wpb-content-wrapper\"><p>[vc_row row_type=&#8220;row&#8220; use_row_as_full_screen_section=&#8220;no&#8220; type=&#8220;full_width&#8220; angled_section=&#8220;no&#8220; text_align=&#8220;center&#8220; background_image_as_pattern=&#8220;without_pattern&#8220; side_padding=&#8220;10&#8243; padding_top=&#8220;70&#8243; padding_bottom=&#8220;0&#8243; css_animation=&#8220;&#8220; css=&#8220;.vc_custom_1495200663700{margin-bottom: 0px !important;border-bottom-width: 0px !important;padding-bottom: 0px !important;}&#8220;][vc_column][vc_column_text]<\/p>\n<h1 class=\"h2\">Detaily lioHOSTINGu<\/h1>\n<p>[\/vc_column_text][vc_empty_space height=&#8220;30px&#8220;][vc_separator type=&#8220;small&#8220; position=&#8220;center&#8220; color=&#8220;#0a0a0a&#8220; thickness=&#8220;3&#8243; width=&#8220;50&#8243;][vc_empty_space height=&#8220;30px&#8220;][vc_column_text]<\/p>\n<p style=\"text-align: center;\"><a  itemprop=\"url\" href=\"\/liohosting\/\" target=\"_self\" data-hover-color=\"white\" class=\"qbutton  medium default\" style=\"\">Sp\u00e4\u0165 na hosting<\/a><\/p>\n<p>[\/vc_column_text][vc_empty_space height=&#8220;74px&#8220;][vc_row_inner row_type=&#8220;row&#8220; type=&#8220;full_width&#8220; text_align=&#8220;left&#8220; css_animation=&#8220;&#8220;][vc_column_inner width=&#8220;1\/4&#8243;][vc_column_text]<strong>lioHOSTING MINI<\/strong><\/p>\n<p>&nbsp;<\/p>\n<p>lioHOSTING MINI\u00a0je v\u0161etko, \u010do potrebujete pre umiestnenie z\u00e1kladnej prezent\u00e1cie svojej firmy na internete.<\/p>\n<p>&nbsp;<\/p>\n<p><strong>FTP \u00fa\u010dty: \u00a0 \u00a0<\/strong>1<\/p>\n<p><strong>Prenos d\u00e1t: \u00a0 \u00a0<\/strong>Neobmedzen\u00fd*<\/p>\n<p><strong><span data-type=\"small\"  class=\"qode_icon_shortcode  q_font_awsome_icon fa-1x  \" style=\" \"><i class=\"qode_icon_font_awesome fa fa-ban qode_icon_element\" style=\"color: #ff486f;\" ><\/i><\/span> \u00a0 \u00a0PhpMyAdmin<\/strong><\/p>\n<p><strong><span data-type=\"small\"  class=\"qode_icon_shortcode  q_font_awsome_icon fa-1<\/strong><strong>x  \" style=\" \"><i class=\"qode_icon_font_awesome fa fa-ban qode_icon_element\" style=\"color: #ff486f;\" ><\/i><\/span> \u00a0 \u00a0Dom\u00e9ny 3. \u00farovne \u00a0\u00a0<\/strong><\/p>\n<p><strong><span data-type=\"small\"  class=\"qode_icon_shortcode  q_font_awsome_icon fa-1x  \" style=\" \"><i class=\"qode_icon_font_awesome fa fa-check qode_icon_element\" style=\"color: #67f986;\" ><\/i><\/span> \u00a0 \u00a0.htaccess \u00a0\u00a0<\/strong><\/p>\n<p><strong><span data-type=\"small\"  class=\"qode_icon_shortcode  q_font_awsome_icon fa-1x  \" style=\" \"><i class=\"qode_icon_font_awesome fa fa-check qode_icon_element\" style=\"color: #67f986;\" ><\/i><\/span> \u00a0 \u00a0mod_rewrite \u00a0<\/strong><\/p>\n<p><strong><span data-type=\"normal\"  class=\"qode_icon_shortcode  q_font_awsome_icon fa-1x  \" style=\" \"><i class=\"qode_icon_font_awesome fa fa-check qode_icon_element\" style=\"color: #67f986;\" ><\/i><\/span> \u00a0 \u00a0<\/strong><strong>Alias dom\u00e9ny \u00a0<\/strong>**<\/p>\n<p><strong><span data-type=\"small\"  class=\"qode_icon_shortcode  q_font_awsome_icon fa-1x  \" style=\" \"><i class=\"qode_icon_font_awesome fa fa-check qode_icon_element\" style=\"color: #67f986;\" ><\/i><\/span> \u00a0 \u00a0Presmerovanie dom\u00e9ny \u00a0<\/strong>**<\/p>\n<p>&nbsp;<\/p>\n<h6><strong>Emaily<\/strong><\/h6>\n<p><strong><span data-type=\"small\"  class=\"qode_icon_shortcode  q_font_awsome_icon fa-1x  \" style=\" \"><i class=\"qode_icon_font_awesome fa fa-ban qode_icon_element\" style=\"color: #ff486f;\" ><\/i><\/span> \u00a0 \u00a0SpamFilter \u00a0<\/strong><\/p>\n<p><strong><span data-type=\"small\"  class=\"qode_icon_shortcode  q_font_awsome_icon fa-1x  \" style=\" \"><i class=\"qode_icon_font_awesome fa fa-ban qode_icon_element\" style=\"color: #ff486f;\" ><\/i><\/span> \u00a0 \u00a0Presmerovanie po\u0161ty \u00a0\u00a0<\/strong><\/p>\n<p><strong><span data-type=\"small\"  class=\"qode_icon_shortcode  q_font_awsome_icon fa1x  \" style=\" \"><i class=\"qode_icon_font_awesome fa fa-ban qode_icon_element\" style=\"color: #ff486f;\" ><\/i><\/span> \u00a0 \u00a0Aliasy na e-mail \u00a0\u00a0<\/strong><\/p>\n<p><strong><span data-type=\"small\"  class=\"qode_icon_shortcode  q_font_awsome_icon fa-1x  \" style=\" \"><i class=\"qode_icon_font_awesome fa fa-ban qode_icon_element\" style=\"color: #ff486f;\" ><\/i><\/span> \u00a0 \u00a0Maxim\u00e1lna ve\u013ekos\u0165 schr\u00e1nky \u00a0\u00a0<\/strong><\/p>\n<p><strong><span data-type=\"small\"  class=\"qode_icon_shortcode  q_font_awsome_icon fa-1x  \" style=\" \"><i class=\"qode_icon_font_awesome fa fa-ban qode_icon_element\" style=\"color: #ff486f;\" ><\/i><\/span> \u00a0 \u00a0Maxim\u00e1lna ve\u013ekos\u0165 e-mailu \u00a0\u00a0<\/strong><\/p>\n<p><strong><span data-type=\"small\"  class=\"qode_icon_shortcode  q_font_awsome_icon fa-1x  \" style=\" \"><i class=\"qode_icon_font_awesome fa fa-ban qode_icon_element\" style=\"color: #ff486f;\" ><\/i><\/span> \u00a0 \u00a0POP3, IMAP a SMTP &#8211; po\u0161ta cez emailov\u00e9ho klienta \u00a0 \u00a0<\/strong><\/p>\n<p><strong><span data-type=\"small\"  class=\"qode_icon_shortcode  q_font_awsome_icon fa-1x  \" style=\" \"><i class=\"qode_icon_font_awesome fa fa-ban qode_icon_element\" style=\"color: #ff486f;\" ><\/i><\/span> \u00a0 \u00a0WebMail &#8211; po\u0161ta cez prehliada\u010d \u00a0\u00a0<\/strong><\/p>\n<p>&nbsp;<\/p>\n<p>* V r\u00e1mci FUP<\/p>\n<p>** Spoplatnen\u00e9 pod\u013ea cenn\u00edka[\/vc_column_text][\/vc_column_inner][vc_column_inner width=&#8220;1\/4&#8243;][vc_column_text]<\/p>\n<p style=\"text-align: left;\"><strong>lioHOSTING MINI+<\/strong><\/p>\n<p>&nbsp;<\/p>\n<p style=\"text-align: left;\">lioHOSTING\u00a0MINI+ roz\u0161iruje liHOSTING MINI\u00a0o emailov\u00fa schr\u00e1nku a priestor na 500 MB.<\/p>\n<p>&nbsp;<\/p>\n<p style=\"text-align: left;\"><strong>FTP \u00fa\u010dty: \u00a0 \u00a0<\/strong>1<\/p>\n<p style=\"text-align: left;\"><strong>Prenos d\u00e1t: \u00a0 \u00a0<\/strong>Neobmedzen\u00fd*<\/p>\n<p style=\"text-align: left;\"><strong><span data-type=\"small\"  class=\"qode_icon_shortcode  q_font_awsome_icon fa-1x  \" style=\" \"><i class=\"qode_icon_font_awesome fa fa-ban qode_icon_element\" style=\"color: #ff486f;\" ><\/i><\/span> \u00a0 \u00a0PhpMyAdmin<\/strong><\/p>\n<p style=\"text-align: left;\"><strong><span data-type=\"small\"  class=\"qode_icon_shortcode  q_font_awsome_icon fa-1<\/strong><strong>x  \" style=\" \"><i class=\"qode_icon_font_awesome fa fa-ban qode_icon_element\" style=\"color: #ff486f;\" ><\/i><\/span> \u00a0 \u00a0Dom\u00e9ny 3. \u00farovne \u00a0\u00a0<\/strong><\/p>\n<p style=\"text-align: left;\"><strong><span data-type=\"small\"  class=\"qode_icon_shortcode  q_font_awsome_icon fa-1x  \" style=\" \"><i class=\"qode_icon_font_awesome fa fa-check qode_icon_element\" style=\"color: #67f986;\" ><\/i><\/span> \u00a0 \u00a0.htaccess \u00a0\u00a0<\/strong><\/p>\n<p style=\"text-align: left;\"><strong><span data-type=\"small\"  class=\"qode_icon_shortcode  q_font_awsome_icon fa-1x  \" style=\" \"><i class=\"qode_icon_font_awesome fa fa-check qode_icon_element\" style=\"color: #67f986;\" ><\/i><\/span> \u00a0 \u00a0mod_rewrite \u00a0<\/strong><\/p>\n<p style=\"text-align: left;\"><strong><span data-type=\"normal\"  class=\"qode_icon_shortcode  q_font_awsome_icon fa-1x  \" style=\" \"><i class=\"qode_icon_font_awesome fa fa-check qode_icon_element\" style=\"color: #67f986;\" ><\/i><\/span> \u00a0 \u00a0<\/strong><strong>Alias dom\u00e9ny \u00a0<\/strong>**<\/p>\n<p style=\"text-align: left;\"><strong><span data-type=\"small\"  class=\"qode_icon_shortcode  q_font_awsome_icon fa-1x  \" style=\" \"><i class=\"qode_icon_font_awesome fa fa-check qode_icon_element\" style=\"color: #67f986;\" ><\/i><\/span> \u00a0 \u00a0Presmerovanie dom\u00e9ny \u00a0<\/strong>**<\/p>\n<p>&nbsp;<\/p>\n<h6 style=\"text-align: left; color: #fff;\"><span style=\"color: #333333;\"><strong>Emaily<\/strong><\/span><\/h6>\n<p style=\"text-align: left;\"><strong><span data-type=\"small\"  class=\"qode_icon_shortcode  q_font_awsome_icon fa-1x  \" style=\" \"><i class=\"qode_icon_font_awesome fa fa-check qode_icon_element\" style=\"color: #67f986;\" ><\/i><\/span> \u00a0 \u00a0SpamFilter \u00a0\u00a0<\/strong><\/p>\n<p style=\"text-align: left;\"><strong><span data-type=\"small\"  class=\"qode_icon_shortcode  q_font_awsome_icon fa-1x  \" style=\" \"><i class=\"qode_icon_font_awesome fa fa-check qode_icon_element\" style=\"color: #67f986;\" ><\/i><\/span> \u00a0 \u00a0Presmerovanie po\u0161ty \u00a0\u00a0<\/strong><\/p>\n<p style=\"text-align: left;\"><strong><span data-type=\"small\"  class=\"qode_icon_shortcode  q_font_awsome_icon fa-1x  \" style=\" \"><i class=\"qode_icon_font_awesome fa fa-check qode_icon_element\" style=\"color: #67f986;\" ><\/i><\/span> \u00a0 \u00a0Aliasy na e-mail \u00a0 \u00a0<\/strong><\/p>\n<p style=\"text-align: left;\"><strong><span data-type=\"small\"  class=\"qode_icon_shortcode  q_font_awsome_icon fa-1x  \" style=\" \"><i class=\"qode_icon_font_awesome fa fa-check qode_icon_element\" style=\"color: #67f986;\" ><\/i><\/span> \u00a0 \u00a0Maxim\u00e1lna ve\u013ekos\u0165 schr\u00e1nky: \u00a0<\/strong>200 MB<\/p>\n<p style=\"text-align: left;\"><strong><span data-type=\"small\"  class=\"qode_icon_shortcode  q_font_awsome_icon fa-1x  \" style=\" \"><i class=\"qode_icon_font_awesome fa fa-check qode_icon_element\" style=\"color: #67f986;\" ><\/i><\/span> \u00a0 \u00a0Maxim\u00e1lna ve\u013ekos\u0165 e-mailu: \u00a0<\/strong>20 MB<strong> \u00a0<\/strong><\/p>\n<p style=\"text-align: left;\"><strong><span data-type=\"small\"  class=\"qode_icon_shortcode  q_font_awsome_icon fa-1x  \" style=\" \"><i class=\"qode_icon_font_awesome fa fa-check qode_icon_element\" style=\"color: #67f986;\" ><\/i><\/span> \u00a0 \u00a0POP3, IMAP a SMTP &#8211; po\u0161ta cez emailov\u00e9ho klienta \u00a0<\/strong><\/p>\n<p style=\"text-align: left;\"><strong><span data-type=\"small\"  class=\"qode_icon_shortcode  q_font_awsome_icon fa-1x  \" style=\" \"><i class=\"qode_icon_font_awesome fa fa-check qode_icon_element\" style=\"color: #67f986;\" ><\/i><\/span> \u00a0 \u00a0WebMail &#8211; po\u0161ta cez prehliada\u010d \u00a0\u00a0<\/strong><\/p>\n<p>&nbsp;<\/p>\n<p style=\"text-align: left;\">* V r\u00e1mci FUP<\/p>\n<p style=\"text-align: left;\">** Spoplatnen\u00e9 pod\u013ea cenn\u00edka<\/p>\n<p>[\/vc_column_text][\/vc_column_inner][vc_column_inner width=&#8220;1\/4&#8243;][vc_column_text]<\/p>\n<p style=\"text-align: left;\"><strong>lioHOSTING STANDARD<\/strong><\/p>\n<p>&nbsp;<\/p>\n<p style=\"text-align: left;\">Priestor na internete pre dynamick\u00fd web. Slu\u017eba je pripraven\u00e1 pre CMS syst\u00e9my ako napr\u00edklad Joomla, Drupal, a pod.<\/p>\n<p>&nbsp;<\/p>\n<p style=\"text-align: left;\"><strong>FTP \u00fa\u010dty: \u00a0 <\/strong>\u00a05<\/p>\n<p style=\"text-align: left;\"><strong>Prenos d\u00e1t: \u00a0 \u00a0<\/strong>Neobmedzen\u00fd*<\/p>\n<p style=\"text-align: left;\"><strong><span data-type=\"small\"  class=\"qode_icon_shortcode  q_font_awsome_icon fa-1x  \" style=\" \"><i class=\"qode_icon_font_awesome fa fa-ban qode_icon_element\" style=\"color: #ff486f;\" ><\/i><\/span> \u00a0 \u00a0PhpMyAdmin<\/strong><\/p>\n<p style=\"text-align: left;\"><strong><span data-type=\"small\"  class=\"qode_icon_shortcode  q_font_awsome_icon fa-1x  \" style=\" \"><i class=\"qode_icon_font_awesome fa fa-check qode_icon_element\" style=\"color: #67f986;\" ><\/i><\/span> \u00a0 \u00a0Dom\u00e9ny 3. \u00farovne: \u00a0 \u00a0<\/strong>Neobmedzene<\/p>\n<p style=\"text-align: left;\"><strong><span data-type=\"small\"  class=\"qode_icon_shortcode  q_font_awsome_icon fa-1x  \" style=\" \"><i class=\"qode_icon_font_awesome fa fa-check qode_icon_element\" style=\"color: #67f986;\" ><\/i><\/span> \u00a0 \u00a0.htaccess \u00a0\u00a0<\/strong><\/p>\n<p style=\"text-align: left;\"><strong><span data-type=\"small\"  class=\"qode_icon_shortcode  q_font_awsome_icon fa-1x  \" style=\" \"><i class=\"qode_icon_font_awesome fa fa-check qode_icon_element\" style=\"color: #67f986;\" ><\/i><\/span> \u00a0 \u00a0mod_rewrite \u00a0<\/strong><\/p>\n<p style=\"text-align: left;\"><strong><span data-type=\"normal\"  class=\"qode_icon_shortcode  q_font_awsome_icon fa-1x  \" style=\" \"><i class=\"qode_icon_font_awesome fa fa-check qode_icon_element\" style=\"color: #67f986;\" ><\/i><\/span> \u00a0 \u00a0<\/strong><strong>Alias dom\u00e9ny \u00a0<\/strong>**<\/p>\n<p style=\"text-align: left;\"><strong><span data-type=\"small\"  class=\"qode_icon_shortcode  q_font_awsome_icon fa-1x  \" style=\" \"><i class=\"qode_icon_font_awesome fa fa-check qode_icon_element\" style=\"color: #67f986;\" ><\/i><\/span> \u00a0 \u00a0Presmerovanie dom\u00e9ny \u00a0<\/strong>**<\/p>\n<p>&nbsp;<\/p>\n<h6 style=\"text-align: left; color: #fff;\"><span style=\"color: #333333;\"><strong>Emaily<\/strong><\/span><\/h6>\n<p style=\"text-align: left;\"><strong><span data-type=\"small\"  class=\"qode_icon_shortcode  q_font_awsome_icon fa-1x  \" style=\" \"><i class=\"qode_icon_font_awesome fa fa-check qode_icon_element\" style=\"color: #67f986;\" ><\/i><\/span> \u00a0 \u00a0SpamFilter \u00a0\u00a0<\/strong><\/p>\n<p style=\"text-align: left;\"><strong><span data-type=\"small\"  class=\"qode_icon_shortcode  q_font_awsome_icon fa-1x  \" style=\" \"><i class=\"qode_icon_font_awesome fa fa-check qode_icon_element\" style=\"color: #67f986;\" ><\/i><\/span> \u00a0 \u00a0Presmerovanie po\u0161ty \u00a0\u00a0<\/strong><\/p>\n<p style=\"text-align: left;\"><strong><span data-type=\"small\"  class=\"qode_icon_shortcode  q_font_awsome_icon fa-1x  \" style=\" \"><i class=\"qode_icon_font_awesome fa fa-check qode_icon_element\" style=\"color: #67f986;\" ><\/i><\/span> \u00a0 \u00a0Aliasy na e-mail \u00a0 \u00a0<\/strong><\/p>\n<p style=\"text-align: left;\"><strong><span data-type=\"small\"  class=\"qode_icon_shortcode  q_font_awsome_icon fa-1x  \" style=\" \"><i class=\"qode_icon_font_awesome fa fa-check qode_icon_element\" style=\"color: #67f986;\" ><\/i><\/span> \u00a0 \u00a0Maxim\u00e1lna ve\u013ekos\u0165 schr\u00e1nky: \u00a0<\/strong>2000 MB<\/p>\n<p style=\"text-align: left;\"><strong><span data-type=\"small\"  class=\"qode_icon_shortcode  q_font_awsome_icon fa-1x  \" style=\" \"><i class=\"qode_icon_font_awesome fa fa-check qode_icon_element\" style=\"color: #67f986;\" ><\/i><\/span> \u00a0 \u00a0Maxim\u00e1lna ve\u013ekos\u0165 e-mailu: \u00a0<\/strong>20 MB<strong> \u00a0<\/strong><\/p>\n<p style=\"text-align: left;\"><strong><span data-type=\"small\"  class=\"qode_icon_shortcode  q_font_awsome_icon fa-1x  \" style=\" \"><i class=\"qode_icon_font_awesome fa fa-check qode_icon_element\" style=\"color: #67f986;\" ><\/i><\/span> \u00a0 \u00a0POP3, IMAP a SMTP &#8211; po\u0161ta cez emailov\u00e9ho klienta \u00a0<\/strong><\/p>\n<p style=\"text-align: left;\"><strong><span data-type=\"small\"  class=\"qode_icon_shortcode  q_font_awsome_icon fa-1x  \" style=\" \"><i class=\"qode_icon_font_awesome fa fa-check qode_icon_element\" style=\"color: #67f986;\" ><\/i><\/span> \u00a0 \u00a0WebMail &#8211; po\u0161ta cez prehliada\u010d<\/strong><\/p>\n<p>&nbsp;<\/p>\n<p style=\"text-align: left;\">* V r\u00e1mci FUP<\/p>\n<p style=\"text-align: left;\">** Spoplatnen\u00e9 pod\u013ea cenn\u00edka<\/p>\n<p>[\/vc_column_text][\/vc_column_inner][vc_column_inner width=&#8220;1\/4&#8243;][vc_column_text]<\/p>\n<p style=\"text-align: left;\"><strong>lioHOSTING MAXI<\/strong><\/p>\n<p>&nbsp;<\/p>\n<p style=\"text-align: left;\">Poskytuje dostatok priestoru a v\u00fdkonu pre fungovanie v\u00e4\u010d\u0161\u00edch internetov\u00fdch str\u00e1nok (CMS) alebo rozsiahlych internetov\u00fdch obchodov.<\/p>\n<p>&nbsp;<\/p>\n<p style=\"text-align: left;\"><strong>FTP \u00fa\u010dty: \u00a0 <\/strong>\u00a010<\/p>\n<p style=\"text-align: left;\"><strong>Prenos d\u00e1t: \u00a0 \u00a0<\/strong>Neobmedzen\u00fd*<\/p>\n<p style=\"text-align: left;\"><strong><span data-type=\"small\"  class=\"qode_icon_shortcode  q_font_awsome_icon fa-1x  \" style=\" \"><i class=\"qode_icon_font_awesome fa fa-ban qode_icon_element\" style=\"color: #ff486f;\" ><\/i><\/span> \u00a0 \u00a0PhpMyAdmin<\/strong><\/p>\n<p style=\"text-align: left;\"><strong><span data-type=\"small\"  class=\"qode_icon_shortcode  q_font_awsome_icon fa-1x  \" style=\" \"><i class=\"qode_icon_font_awesome fa fa-check qode_icon_element\" style=\"color: #67f986;\" ><\/i><\/span> \u00a0 \u00a0Dom\u00e9ny 3. \u00farovne: \u00a0 \u00a0<\/strong>Neobmedzene<\/p>\n<p style=\"text-align: left;\"><strong><span data-type=\"small\"  class=\"qode_icon_shortcode  q_font_awsome_icon fa-1x  \" style=\" \"><i class=\"qode_icon_font_awesome fa fa-check qode_icon_element\" style=\"color: #67f986;\" ><\/i><\/span> \u00a0 \u00a0.htaccess \u00a0\u00a0<\/strong><\/p>\n<p style=\"text-align: left;\"><strong><span data-type=\"small\"  class=\"qode_icon_shortcode  q_font_awsome_icon fa-1x  \" style=\" \"><i class=\"qode_icon_font_awesome fa fa-check qode_icon_element\" style=\"color: #67f986;\" ><\/i><\/span> \u00a0 \u00a0mod_rewrite \u00a0<\/strong><\/p>\n<p style=\"text-align: left;\"><strong><span data-type=\"normal\"  class=\"qode_icon_shortcode  q_font_awsome_icon fa-1x  \" style=\" \"><i class=\"qode_icon_font_awesome fa fa-check qode_icon_element\" style=\"color: #67f986;\" ><\/i><\/span> \u00a0 \u00a0<\/strong><strong>Alias dom\u00e9ny \u00a0<\/strong>**<\/p>\n<p style=\"text-align: left;\"><strong><span data-type=\"small\"  class=\"qode_icon_shortcode  q_font_awsome_icon fa-1x  \" style=\" \"><i class=\"qode_icon_font_awesome fa fa-check qode_icon_element\" style=\"color: #67f986;\" ><\/i><\/span> \u00a0 \u00a0Presmerovanie dom\u00e9ny \u00a0<\/strong>**<\/p>\n<p>&nbsp;<\/p>\n<h6 style=\"text-align: left; color: #fff;\"><span style=\"color: #333333;\"><strong>Emaily<\/strong><\/span><\/h6>\n<p style=\"text-align: left;\"><strong><span data-type=\"small\"  class=\"qode_icon_shortcode  q_font_awsome_icon fa-1x  \" style=\" \"><i class=\"qode_icon_font_awesome fa fa-check qode_icon_element\" style=\"color: #67f986;\" ><\/i><\/span> \u00a0 \u00a0SpamFilter \u00a0\u00a0<\/strong><\/p>\n<p style=\"text-align: left;\"><strong><span data-type=\"small\"  class=\"qode_icon_shortcode  q_font_awsome_icon fa-1x  \" style=\" \"><i class=\"qode_icon_font_awesome fa fa-check qode_icon_element\" style=\"color: #67f986;\" ><\/i><\/span> \u00a0 \u00a0Presmerovanie po\u0161ty \u00a0\u00a0<\/strong><\/p>\n<p style=\"text-align: left;\"><strong><span data-type=\"small\"  class=\"qode_icon_shortcode  q_font_awsome_icon fa-1x  \" style=\" \"><i class=\"qode_icon_font_awesome fa fa-check qode_icon_element\" style=\"color: #67f986;\" ><\/i><\/span> \u00a0 \u00a0Aliasy na e-mail \u00a0 \u00a0<\/strong><\/p>\n<p style=\"text-align: left;\"><strong><span data-type=\"small\"  class=\"qode_icon_shortcode  q_font_awsome_icon fa-1x  \" style=\" \"><i class=\"qode_icon_font_awesome fa fa-check qode_icon_element\" style=\"color: #67f986;\" ><\/i><\/span> \u00a0 \u00a0Maxim\u00e1lna ve\u013ekos\u0165 schr\u00e1nky: \u00a0<\/strong>10000 MB<\/p>\n<p style=\"text-align: left;\"><strong><span data-type=\"small\"  class=\"qode_icon_shortcode  q_font_awsome_icon fa-1x  \" style=\" \"><i class=\"qode_icon_font_awesome fa fa-check qode_icon_element\" style=\"color: #67f986;\" ><\/i><\/span> \u00a0 \u00a0Maxim\u00e1lna ve\u013ekos\u0165 e-mailu: \u00a0<\/strong>20 MB<strong> \u00a0<\/strong><\/p>\n<p style=\"text-align: left;\"><strong><span data-type=\"small\"  class=\"qode_icon_shortcode  q_font_awsome_icon fa-1x  \" style=\" \"><i class=\"qode_icon_font_awesome fa fa-check qode_icon_element\" style=\"color: #67f986;\" ><\/i><\/span> \u00a0 \u00a0POP3, IMAP a SMTP &#8211; po\u0161ta cez emailov\u00e9ho klienta \u00a0<\/strong><\/p>\n<p style=\"text-align: left;\"><strong><span data-type=\"small\"  class=\"qode_icon_shortcode  q_font_awsome_icon fa-1x  \" style=\" \"><i class=\"qode_icon_font_awesome fa fa-check qode_icon_element\" style=\"color: #67f986;\" ><\/i><\/span> \u00a0 \u00a0WebMail &#8211; po\u0161ta cez prehliada\u010d<\/strong><\/p>\n<p>&nbsp;<\/p>\n<p style=\"text-align: left;\">* V r\u00e1mci FUP<\/p>\n<p style=\"text-align: left;\">** Spoplatnen\u00e9 pod\u013ea cenn\u00edka<\/p>\n<p>[\/vc_column_text][\/vc_column_inner][\/vc_row_inner][vc_empty_space height=&#8220;74px&#8220;][vc_column_text]<\/p>\n<p style=\"text-align: center;\"><a  itemprop=\"url\" href=\"\/liohosting\/\" target=\"_self\" data-hover-color=\"white\" class=\"qbutton  medium default\" style=\"\">Sp\u00e4\u0165 na hosting<\/a><\/p>\n<p>[\/vc_column_text][\/vc_column][\/vc_row][vc_row row_type=&#8220;row&#8220; use_row_as_full_screen_section=&#8220;no&#8220; type=&#8220;full_width&#8220; angled_section=&#8220;no&#8220; text_align=&#8220;left&#8220; background_image_as_pattern=&#8220;without_pattern&#8220; padding_top=&#8220;90&#8243; padding_bottom=&#8220;70&#8243; css_animation=&#8220;&#8220; css=&#8220;.vc_custom_1465394156623{padding-right: 30px !important;padding-left: 30px !important;}&#8220;][vc_column][vc_column_text]<\/p>\n<h4 style=\"text-align: center;\"><span style=\"color: #404040;\">M\u00e1te z\u00e1ujem ma\u0165 webstr\u00e1nku aj dom\u00e9nu na jednom mieste?<\/span><\/h4>\n<p>&nbsp;<\/p>\n<p style=\"text-align: center;\"><a  itemprop=\"url\" href=\"\/kontakt\" target=\"_self\" data-hover-color=\"white\" class=\"qbutton  medium default\" style=\"\">kontaktujte n\u00e1s<\/a><\/p>\n<p>[\/vc_column_text][\/vc_column][\/vc_row]<\/p>\n<\/div>","protected":false},"excerpt":{"rendered":"<p>[vc_row row_type=&#8220;row&#8220; use_row_as_full_screen_section=&#8220;no&#8220; type=&#8220;full_width&#8220; angled_section=&#8220;no&#8220; text_align=&#8220;center&#8220; background_image_as_pattern=&#8220;without_pattern&#8220; side_padding=&#8220;10&#8243; padding_top=&#8220;70&#8243; padding_bottom=&#8220;0&#8243; css_animation=&#8220;&#8220; css=&#8220;.vc_custom_1495200663700{margin-bottom: 0px !important;border-bottom-width: 0px !important;padding-bottom: 0px !important;}&#8220;][vc_column][vc_column_text] Detaily lioHOSTINGu [\/vc_column_text][vc_empty_space height=&#8220;30px&#8220;][vc_separator type=&#8220;small&#8220; position=&#8220;center&#8220; color=&#8220;#0a0a0a&#8220; thickness=&#8220;3&#8243; width=&#8220;50&#8243;][vc_empty_space height=&#8220;30px&#8220;][vc_column_text] [\/vc_column_text][vc_empty_space height=&#8220;74px&#8220;][vc_row_inner row_type=&#8220;row&#8220; type=&#8220;full_width&#8220; text_align=&#8220;left&#8220; css_animation=&#8220;&#8220;][vc_column_inner width=&#8220;1\/4&#8243;][vc_column_text]lioHOSTING MINI &nbsp; lioHOSTING MINI\u00a0je v\u0161etko, \u010do potrebujete pre umiestnenie z\u00e1kladnej prezent\u00e1cie svojej firmy na internete. &nbsp; FTP \u00fa\u010dty: \u00a0 \u00a01 Prenos d\u00e1t: \u00a0 \u00a0Neobmedzen\u00fd* \u00a0 \u00a0PhpMyAdmin \u00a0 \u00a0Dom\u00e9ny 3. \u00farovne \u00a0\u00a0 \u00a0 \u00a0.htaccess \u00a0\u00a0 \u00a0 \u00a0mod_rewrite \u00a0 \u00a0 \u00a0Alias dom\u00e9ny \u00a0** \u00a0 \u00a0Presmerovanie dom\u00e9ny \u00a0** &nbsp; Emaily \u00a0 \u00a0SpamFilter \u00a0 \u00a0 \u00a0Presmerovanie po\u0161ty \u00a0\u00a0 \u00a0 \u00a0Aliasy na e-mail \u00a0\u00a0 \u00a0 \u00a0Maxim\u00e1lna ve\u013ekos\u0165 schr\u00e1nky \u00a0\u00a0 \u00a0&#8230;<\/p>\n","protected":false},"author":2,"featured_media":0,"parent":0,"menu_order":0,"comment_status":"closed","ping_status":"closed","template":"full_width.php","meta":{"inline_featured_image":false,"footnotes":""},"class_list":["post-20523","page","type-page","status-publish","hentry"],"aioseo_notices":[],"_links":{"self":[{"href":"https:\/\/www.lemonlion.sk\/sk\/wp-json\/wp\/v2\/pages\/20523","targetHints":{"allow":["GET"]}}],"collection":[{"href":"https:\/\/www.lemonlion.sk\/sk\/wp-json\/wp\/v2\/pages"}],"about":[{"href":"https:\/\/www.lemonlion.sk\/sk\/wp-json\/wp\/v2\/types\/page"}],"author":[{"embeddable":true,"href":"https:\/\/www.lemonlion.sk\/sk\/wp-json\/wp\/v2\/users\/2"}],"replies":[{"embeddable":true,"href":"https:\/\/www.lemonlion.sk\/sk\/wp-json\/wp\/v2\/comments?post=20523"}],"version-history":[{"count":1,"href":"https:\/\/www.lemonlion.sk\/sk\/wp-json\/wp\/v2\/pages\/20523\/revisions"}],"predecessor-version":[{"id":20541,"href":"https:\/\/www.lemonlion.sk\/sk\/wp-json\/wp\/v2\/pages\/20523\/revisions\/20541"}],"wp:attachment":[{"href":"https:\/\/www.lemonlion.sk\/sk\/wp-json\/wp\/v2\/media?parent=20523"}],"curies":[{"name":"wp","href":"https:\/\/api.w.org\/{rel}","templated":true}]}}