{"id":32108,"date":"2023-04-21T12:18:08","date_gmt":"2023-04-21T10:18:08","guid":{"rendered":"https:\/\/www.lemonlion.sk\/?page_id=32108"},"modified":"2023-08-25T10:29:44","modified_gmt":"2023-08-25T08:29:44","slug":"referencie-v-tvorbe-katalogov-brozur-a-letakov","status":"publish","type":"page","link":"https:\/\/www.lemonlion.sk\/sk\/referencie-v-tvorbe-katalogov-brozur-a-letakov\/","title":{"rendered":"Referencie v tvorbe katal\u00f3gov, bro\u017e\u00far a let\u00e1kov"},"content":{"rendered":"<div class=\"wpb-content-wrapper\"><p>[vc_row css_animation=&#8220;&#8220; row_type=&#8220;row&#8220; use_row_as_full_screen_section=&#8220;no&#8220; type=&#8220;full_width&#8220; angled_section=&#8220;no&#8220; text_align=&#8220;left&#8220; background_image_as_pattern=&#8220;without_pattern&#8220;][vc_column width=&#8220;1\/4&#8243; offset=&#8220;vc_hidden-md vc_hidden-sm vc_hidden-xs&#8220;][vc_empty_space height=&#8220;100px&#8220;][\/vc_column][vc_column width=&#8220;1\/4&#8243; offset=&#8220;vc_hidden-lg vc_hidden-sm vc_hidden-xs&#8220;][vc_empty_space height=&#8220;100px&#8220;][\/vc_column][vc_column width=&#8220;1\/4&#8243; offset=&#8220;vc_hidden-lg vc_hidden-md vc_hidden-xs&#8220;][vc_empty_space height=&#8220;100px&#8220;][\/vc_column][vc_column width=&#8220;1\/4&#8243; offset=&#8220;vc_hidden-lg vc_hidden-md vc_hidden-sm&#8220;][vc_empty_space height=&#8220;50px&#8220;][\/vc_column][\/vc_row][vc_row css_animation=&#8220;&#8220; row_type=&#8220;row&#8220; use_row_as_full_screen_section=&#8220;no&#8220; type=&#8220;grid&#8220; angled_section=&#8220;no&#8220; text_align=&#8220;left&#8220; background_image_as_pattern=&#8220;without_pattern&#8220; z_index=&#8220;&#8220;][vc_column offset=&#8220;vc_col-lg-offset-2 vc_col-lg-8 vc_col-md-offset-1 vc_col-md-10 vc_col-sm-offset-0 vc_col-xs-12&#8243;][vc_column_text el_class=&#8220;zlta-ciara&#8220;]<\/p>\n<h1>Referencie v tvorbe katal\u00f3gov, bro\u017e\u00far a let\u00e1kov<\/h1>\n<p>[\/vc_column_text][\/vc_column][\/vc_row][vc_row css_animation=&#8220;&#8220; row_type=&#8220;row&#8220; use_row_as_full_screen_section=&#8220;no&#8220; type=&#8220;full_width&#8220; angled_section=&#8220;no&#8220; text_align=&#8220;left&#8220; background_image_as_pattern=&#8220;without_pattern&#8220;][vc_column width=&#8220;1\/4&#8243; offset=&#8220;vc_hidden-md vc_hidden-sm vc_hidden-xs&#8220;][vc_empty_space height=&#8220;150px&#8220;][\/vc_column][vc_column width=&#8220;1\/4&#8243; offset=&#8220;vc_hidden-lg vc_hidden-sm vc_hidden-xs&#8220;][vc_empty_space height=&#8220;100px&#8220;][\/vc_column][vc_column width=&#8220;1\/4&#8243; offset=&#8220;vc_hidden-lg vc_hidden-md vc_hidden-xs&#8220;][vc_empty_space height=&#8220;100px&#8220;][\/vc_column][vc_column width=&#8220;1\/4&#8243; offset=&#8220;vc_hidden-lg vc_hidden-md vc_hidden-sm&#8220;][vc_empty_space height=&#8220;50px&#8220;][\/vc_column][\/vc_row][vc_row css_animation=&#8220;&#8220; row_type=&#8220;row&#8220; use_row_as_full_screen_section=&#8220;no&#8220; type=&#8220;full_width&#8220; angled_section=&#8220;no&#8220; text_align=&#8220;left&#8220; background_image_as_pattern=&#8220;without_pattern&#8220;][vc_column width=&#8220;1\/3&#8243;][vc_single_image image=&#8220;32169&#8243; img_size=&#8220;large&#8220; onclick=&#8220;custom_link&#8220; qode_css_animation=&#8220;&#8220; link=&#8220;https:\/\/issuu.com\/lemonlion\/docs\/about_care_of_air&#8220;][vc_empty_space height=&#8220;50px&#8220;][\/vc_column][vc_column width=&#8220;1\/3&#8243;][vc_single_image image=&#8220;32173&#8243; img_size=&#8220;large&#8220; onclick=&#8220;custom_link&#8220; qode_css_animation=&#8220;&#8220; link=&#8220;https:\/\/issuu.com\/lemonlion\/docs\/bro_ra_sra3_14_-_sk_-_web&#8220;][vc_empty_space height=&#8220;50px&#8220;][\/vc_column][vc_column width=&#8220;1\/3&#8243;][vc_single_image image=&#8220;32215&#8243; img_size=&#8220;large&#8220; onclick=&#8220;custom_link&#8220; qode_css_animation=&#8220;&#8220; link=&#8220;https:\/\/issuu.com\/lemonlion\/docs\/secure_slu_by_bro_ra_14_-_z_12tky_opraven_web&#8220;][vc_empty_space height=&#8220;50px&#8220;][\/vc_column][\/vc_row][vc_row css_animation=&#8220;&#8220; row_type=&#8220;row&#8220; use_row_as_full_screen_section=&#8220;no&#8220; type=&#8220;full_width&#8220; angled_section=&#8220;no&#8220; text_align=&#8220;left&#8220; background_image_as_pattern=&#8220;without_pattern&#8220;][vc_column width=&#8220;1\/3&#8243;][vc_single_image image=&#8220;32341&#8243; img_size=&#8220;large&#8220; onclick=&#8220;custom_link&#8220; qode_css_animation=&#8220;&#8220; link=&#8220;https:\/\/issuu.com\/lemonlion\/docs\/energia_real_bro__ra_18_web_150dpi&#8220;][vc_empty_space height=&#8220;50px&#8220;][\/vc_column][vc_column width=&#8220;1\/3&#8243;][vc_single_image image=&#8220;32350&#8243; img_size=&#8220;large&#8220; onclick=&#8220;custom_link&#8220; img_link_target=&#8220;_blank&#8220; qode_css_animation=&#8220;&#8220; link=&#8220;https:\/\/issuu.com\/lemonlion\/docs\/katalog_edenhaus_04&#8243;][vc_empty_space height=&#8220;50px&#8220;][\/vc_column][vc_column width=&#8220;1\/3&#8243;][vc_single_image image=&#8220;32201&#8243; img_size=&#8220;large&#8220; onclick=&#8220;custom_link&#8220; qode_css_animation=&#8220;&#8220; link=&#8220;https:\/\/issuu.com\/lemonlion\/docs\/kolatch_brozura_b2b_02_web&#8220;][vc_empty_space height=&#8220;50px&#8220;][\/vc_column][vc_column width=&#8220;5\/6&#8243; offset=&#8220;vc_col-lg-6 vc_col-md-offset-0 vc_col-md-7 vc_col-sm-offset-1&#8243;][vc_column_text]Pozrite si vybran\u00e9 projekty firemn\u00fdch bro\u017e\u00far z ateli\u00e9ru Lemon Lion. Ka\u017ed\u00fd z t\u00fdchto grafick\u00fdch n\u00e1vrhov vznikol v\u010faka odbornosti a sk\u00fasenostiam, ktor\u00e9 Lemon Lion pon\u00faka, ako v\u00e1\u0161 potenci\u00e1lny grafick\u00fd dizajn\u00e9r firemnej bro\u017e\u00fary. Pri v\u0161etk\u00fdch projektoch kladieme ve\u013ek\u00fd d\u00f4raz na detailn\u00e9 pochopenie potrieb va\u0161ej firmy. Umo\u017e\u0148uje n\u00e1m to pon\u00faknu\u0165 profesion\u00e1lnu grafiku firemnej bro\u017e\u00fary, spr\u00e1vne uk\u00e1za\u0165 hodnoty a komunikova\u0165 posolstvo va\u0161ej zna\u010dky. Nezameriavame sa v\u0161ak iba na tvorbu grafiky. N\u00e1\u0161 t\u00edm je pripraven\u00fd poskytn\u00fa\u0165 kompletn\u00e9 rie\u0161enie &#8211; nap\u00ed\u0161eme kompletn\u00e9 texty, vytvor\u00edme profesion\u00e1lne fotografie pre firmen\u00fa bro\u017e\u00faru, navrhneme jej grafiku a zabezpe\u010d\u00edme tla\u010d s distrib\u00faciou. Pozrite si, \u010do v\u0161etko m\u00f4\u017ee Lemon Lion, ako grafick\u00e9 \u0161t\u00fadio \u0161pecializuj\u00face sa na bro\u017e\u00fary, prinies\u0165 v\u00e1\u0161mu podniku.[\/vc_column_text][\/vc_column][\/vc_row][vc_row css_animation=&#8220;&#8220; row_type=&#8220;row&#8220; use_row_as_full_screen_section=&#8220;no&#8220; type=&#8220;full_width&#8220; angled_section=&#8220;no&#8220; text_align=&#8220;left&#8220; background_image_as_pattern=&#8220;without_pattern&#8220;][vc_column width=&#8220;1\/4&#8243; offset=&#8220;vc_hidden-md vc_hidden-sm vc_hidden-xs&#8220;][vc_empty_space height=&#8220;150px&#8220;][\/vc_column][vc_column width=&#8220;1\/4&#8243; offset=&#8220;vc_hidden-lg vc_hidden-sm vc_hidden-xs&#8220;][vc_empty_space height=&#8220;100px&#8220;][\/vc_column][vc_column width=&#8220;1\/4&#8243; offset=&#8220;vc_hidden-lg vc_hidden-md vc_hidden-xs&#8220;][vc_empty_space height=&#8220;100px&#8220;][\/vc_column][vc_column width=&#8220;1\/4&#8243; offset=&#8220;vc_hidden-lg vc_hidden-md vc_hidden-sm&#8220;][vc_empty_space height=&#8220;50px&#8220;][\/vc_column][\/vc_row][vc_row css_animation=&#8220;&#8220; row_type=&#8220;row&#8220; use_row_as_full_screen_section=&#8220;no&#8220; type=&#8220;full_width&#8220; angled_section=&#8220;no&#8220; text_align=&#8220;left&#8220; background_image_as_pattern=&#8220;without_pattern&#8220;][vc_column width=&#8220;1\/2&#8243;][vc_single_image image=&#8220;32341&#8243; img_size=&#8220;large&#8220; onclick=&#8220;custom_link&#8220; qode_css_animation=&#8220;&#8220; link=&#8220;https:\/\/issuu.com\/lemonlion\/docs\/energia_real_bro__ra_18_web_150dpi&#8220;][vc_empty_space height=&#8220;50px&#8220;][\/vc_column][vc_column width=&#8220;1\/4&#8243;][vc_single_image image=&#8220;32346&#8243; img_size=&#8220;large&#8220; onclick=&#8220;custom_link&#8220; qode_css_animation=&#8220;&#8220; link=&#8220;https:\/\/www.lemonlion.sk\/wp-content\/uploads\/2023\/08\/Letak-len-pre-obyvatelov-bytoveho-domu04-web.pdf&#8220;][vc_empty_space height=&#8220;50px&#8220;][\/vc_column][vc_column width=&#8220;1\/4&#8243;][vc_single_image image=&#8220;32348&#8243; img_size=&#8220;large&#8220; onclick=&#8220;custom_link&#8220; qode_css_animation=&#8220;&#8220; link=&#8220;https:\/\/www.lemonlion.sk\/wp-content\/uploads\/2023\/08\/letak-a4-obojstranny-do-schranok-pre-klientov-07-web.pdf&#8220;][vc_empty_space height=&#8220;50px&#8220;][\/vc_column][\/vc_row][vc_row css_animation=&#8220;&#8220; row_type=&#8220;row&#8220; use_row_as_full_screen_section=&#8220;no&#8220; type=&#8220;full_width&#8220; angled_section=&#8220;no&#8220; text_align=&#8220;left&#8220; background_image_as_pattern=&#8220;without_pattern&#8220;][vc_column width=&#8220;5\/6&#8243; offset=&#8220;vc_col-lg-offset-6 vc_col-lg-6 vc_col-md-offset-5 vc_col-md-7 vc_col-sm-offset-1&#8243;][vc_column_text]Spolo\u010dnos\u0165 <a href=\"https:\/\/energiareal.sk\" target=\"_blank\" rel=\"nofollow noopener\"><strong>ENERGIA REAL<\/strong><\/a> priniesla inovat\u00edvny syst\u00e9m \u0161etrenia n\u00e1kladov na tepl\u00fa vodu a vykurovanie, za \u010do z\u00edskala <a href=\"https:\/\/www.siea.sk\/inovacie\/inovativny-cin-roka\/inovativny-cin-roka-2019\/\" target=\"_blank\" rel=\"noopener\"><strong>ocenenie Inovat\u00edvny \u010din<\/strong><\/a> roka 2019. V grafickom \u0161t\u00fadiu Lemon Lion sme mali t\u00fa \u010des\u0165 zabezpe\u010di\u0165 grafick\u00fd dizajn a vytvorenie bro\u017e\u00fary pre predaj ich syst\u00e9mov. V\u00fdsledkom je 20-stranov\u00e1 bro\u017e\u00fara, kde sme predstavili syst\u00e9m Rekup-ER, a dva let\u00e1ky s dizajnom prisp\u00f4soben\u00fdm konkr\u00e9tnym cie\u013eov\u00fdm skupin\u00e1m: predsedovia a dozorn\u00e9 rady spolo\u010denstiev bytov\u00fdch domov a majitelia bytov v t\u00fdchto domoch. Tieto grafick\u00e9 rie\u0161enia s\u00fa uk\u00e1\u017ekou toho, ako v Lemon Lion komplexne a cielene poskytujeme grafick\u00e9 slu\u017eby a grafiku na mieru. Pozrite si tieto tla\u010dov\u00e9 materi\u00e1ly a pre\u010d\u00edtajte si, ako sme oslovovali rozdielne segmenty z\u00e1kazn\u00edkov.[\/vc_column_text][\/vc_column][\/vc_row][vc_row css_animation=&#8220;&#8220; row_type=&#8220;row&#8220; use_row_as_full_screen_section=&#8220;no&#8220; type=&#8220;full_width&#8220; angled_section=&#8220;no&#8220; text_align=&#8220;left&#8220; background_image_as_pattern=&#8220;without_pattern&#8220;][vc_column width=&#8220;1\/4&#8243; offset=&#8220;vc_hidden-md vc_hidden-sm vc_hidden-xs&#8220;][vc_empty_space height=&#8220;150px&#8220;][\/vc_column][vc_column width=&#8220;1\/4&#8243; offset=&#8220;vc_hidden-lg vc_hidden-sm vc_hidden-xs&#8220;][vc_empty_space height=&#8220;100px&#8220;][\/vc_column][vc_column width=&#8220;1\/4&#8243; offset=&#8220;vc_hidden-lg vc_hidden-md vc_hidden-xs&#8220;][vc_empty_space height=&#8220;100px&#8220;][\/vc_column][vc_column width=&#8220;1\/4&#8243; offset=&#8220;vc_hidden-lg vc_hidden-md vc_hidden-sm&#8220;][vc_empty_space height=&#8220;50px&#8220;][\/vc_column][\/vc_row][vc_row css_animation=&#8220;&#8220; row_type=&#8220;row&#8220; use_row_as_full_screen_section=&#8220;no&#8220; type=&#8220;full_width&#8220; angled_section=&#8220;no&#8220; text_align=&#8220;left&#8220; background_image_as_pattern=&#8220;without_pattern&#8220;][vc_column width=&#8220;1\/2&#8243; offset=&#8220;vc_col-lg-offset-0 vc_col-lg-6 vc_col-md-offset-0 vc_col-md-7 vc_col-sm-offset-1&#8243;][vc_column_text]Obojstrann\u00e9 informa\u010dn\u00e9 let\u00e1ky, ktor\u00e9 sme pripravili pre rak\u00fasku biotechnologick\u00fa spolo\u010dnos\u0165 <strong><a href=\"https:\/\/www.vela-labs.at\" target=\"_blank\" rel=\"noopener\">VELA LABORATORIES<\/a><\/strong>, jasne ukazuj\u00fa na\u0161u schopnos\u0165 spracova\u0165 vysoko technick\u00e9 a odborn\u00e9 inform\u00e1cie do vizu\u00e1lne p\u00fatavej formy. T\u00e1to firma, zaoberaj\u00faca sa v\u00fdvojom liekov na lie\u010dbu rakoviny, n\u00e1s oslovila s potrebou grafick\u00e9ho dizajnu a vizualiz\u00e1cie pre tla\u010d. V na\u0161om grafickom \u0161t\u00fadiu sme sa zamerali na dizajn let\u00e1kov, pri\u010dom sme z\u00e1stupcovi spolo\u010dnosti, <a href=\"https:\/\/www.tomaseichler.com\" target=\"_blank\" rel=\"noopener\"><strong>vedcovi Tom\u00e1\u0161ovi Eichlerovi<\/strong><\/a> pomohli vytvori\u0165 syst\u00e9m \u0161trukt\u00fary inform\u00e1ci\u00ed, ktor\u00fd n\u00e1sledne zjednodu\u0161il v\u00fdrobu \u010fal\u0161\u00edch let\u00e1kov, v\u0161etk\u00fdch v anglickom jazyku. K tomuto projektu sme pridali jedine\u010dn\u00fd dotyk v podobe ru\u010dne kreslenej grafiky od profesion\u00e1lnej ilustr\u00e1torky <a href=\"https:\/\/www.facebook.com\/katarina.jahnova\" target=\"_blank\" rel=\"nofollow noopener\"><strong>Katar\u00edny Jahnovej<\/strong><\/a>, \u010do op\u00e4\u0165 zd\u00f4raz\u0148uje na\u0161u schopnos\u0165 poskytova\u0165 grafick\u00e9 rie\u0161enia pre firmy a grafiku na mieru.[\/vc_column_text][\/vc_column][vc_column width=&#8220;5\/12&#8243; offset=&#8220;vc_col-lg-offset-0 vc_col-md-offset-1 vc_col-md-4 vc_col-sm-offset-0&#8243;][vc_single_image image=&#8220;32343&#8243; img_size=&#8220;large&#8220; onclick=&#8220;custom_link&#8220; qode_css_animation=&#8220;&#8220; link=&#8220;https:\/\/www.lemonlion.sk\/wp-content\/uploads\/2023\/08\/Bevacizumab-02.pdf&#8220;][\/vc_column][\/vc_row][vc_row css_animation=&#8220;&#8220; row_type=&#8220;row&#8220; use_row_as_full_screen_section=&#8220;no&#8220; type=&#8220;full_width&#8220; angled_section=&#8220;no&#8220; text_align=&#8220;left&#8220; background_image_as_pattern=&#8220;without_pattern&#8220;][vc_column width=&#8220;1\/4&#8243; offset=&#8220;vc_hidden-md vc_hidden-sm vc_hidden-xs&#8220;][vc_empty_space height=&#8220;150px&#8220;][\/vc_column][vc_column width=&#8220;1\/4&#8243; offset=&#8220;vc_hidden-lg vc_hidden-sm vc_hidden-xs&#8220;][vc_empty_space height=&#8220;100px&#8220;][\/vc_column][vc_column width=&#8220;1\/4&#8243; offset=&#8220;vc_hidden-lg vc_hidden-md vc_hidden-xs&#8220;][vc_empty_space height=&#8220;100px&#8220;][\/vc_column][vc_column width=&#8220;1\/4&#8243; offset=&#8220;vc_hidden-lg vc_hidden-md vc_hidden-sm&#8220;][vc_empty_space height=&#8220;50px&#8220;][\/vc_column][\/vc_row][vc_row css_animation=&#8220;&#8220; row_type=&#8220;row&#8220; use_row_as_full_screen_section=&#8220;no&#8220; type=&#8220;full_width&#8220; angled_section=&#8220;no&#8220; text_align=&#8220;left&#8220; background_image_as_pattern=&#8220;without_pattern&#8220;][vc_column width=&#8220;1\/2&#8243; offset=&#8220;vc_col-md-4&#8243;][vc_single_image image=&#8220;32356&#8243; img_size=&#8220;large&#8220; onclick=&#8220;custom_link&#8220; qode_css_animation=&#8220;&#8220; link=&#8220;https:\/\/issuu.com\/lemonlion\/docs\/katal_g_imc_slovakia_2020_07_en_web&#8220;][vc_empty_space height=&#8220;50px&#8220;][\/vc_column][vc_column width=&#8220;1\/2&#8243; offset=&#8220;vc_col-md-4&#8243;][vc_single_image image=&#8220;32354&#8243; img_size=&#8220;large&#8220; onclick=&#8220;custom_link&#8220; qode_css_animation=&#8220;&#8220; link=&#8220;https:\/\/issuu.com\/lemonlion\/docs\/katalog_web&#8220;][vc_empty_space height=&#8220;50px&#8220;][\/vc_column][vc_column width=&#8220;5\/6&#8243; offset=&#8220;vc_col-md-offset-0 vc_col-md-4 vc_col-sm-offset-1&#8243;][vc_column_text]Pre stroj\u00e1rsku spolo\u010dnos\u0165 <a href=\"https:\/\/www.imcslovakia.sk\/sk\/\" target=\"_blank\" rel=\"noopener\"><strong>IMC Slovakia<\/strong><\/a> sme ako grafick\u00e9 \u0161t\u00fadio vytvorili katal\u00f3g slu\u017eieb, ktor\u00fd vych\u00e1dzal z obsahu ich webu. S na\u0161im odborn\u00fdm pr\u00edstupom ku grafick\u00e9mu dizajnu sme slu\u017eby tejto firmy predstavili v katal\u00f3gu s nev\u00eddan\u00fdm a inovat\u00edvnym dizajnom, ktor\u00fd v odvetv\u00ed nem\u00e1 konkurenciu. Paralelne sme navrhli aj katal\u00f3g v\u00fdrobkov z hlin\u00edka. V\u00fdzvou bol n\u00e1vrh katal\u00f3gu na mieru, kde sme museli \u010do najatrakt\u00edvnej\u0161ie vizualizova\u0165 obsiahle tabu\u013eky dodan\u00e9 spolo\u010dnos\u0165ou. Na\u0161e grafick\u00e9 rie\u0161enia pre firmy a profesion\u00e1lny pr\u00edstup k tla\u010dov\u00e9mu dizajnu zabezpe\u010dili, \u017ee oba materi\u00e1ly s\u00fa nielen informa\u010dne bohat\u00e9, ale aj vizu\u00e1lne p\u00fatav\u00e9.[\/vc_column_text][vc_empty_space height=&#8220;50px&#8220;][\/vc_column][\/vc_row][vc_row css_animation=&#8220;&#8220; row_type=&#8220;row&#8220; use_row_as_full_screen_section=&#8220;no&#8220; type=&#8220;full_width&#8220; angled_section=&#8220;no&#8220; text_align=&#8220;left&#8220; background_image_as_pattern=&#8220;without_pattern&#8220;][vc_column width=&#8220;5\/6&#8243; offset=&#8220;vc_col-md-offset-0 vc_col-md-4 vc_col-sm-offset-1&#8243;][vc_column_text]Farmaceutickej spolo\u010dnosti <a href=\"https:\/\/www.eucodis-enzymes.com\" target=\"_blank\" rel=\"noopener\"><strong>EUCODIS<\/strong><\/a> sme, ako grafick\u00e9 \u0161t\u00fadio, vytvorili katal\u00f3g ich \u0161ikovn\u00fdch enz\u00fdmov v anglickom jazyku. Tento materi\u00e1l dokonale re\u0161pektuje vizu\u00e1lnu identitu ich zna\u010dky rovnako ako prec\u00edzny pr\u00edstup k inform\u00e1ciam, na ktorom si rak\u00faska spolo\u010dnos\u0165 zaklad\u00e1.<\/p>\n<p>&nbsp;<\/p>\n<p>Pre tren\u010diansku spolo\u010dnos\u0165 <a href=\"https:\/\/perlicka.sk\" target=\"_blank\" rel=\"noopener\"><strong>Perli\u010dka<\/strong><\/a> sme zrealizovali dizajn katal\u00f3gu zdravotn\u00edckeho oble\u010denia z ich vlastnej produkcie. Na\u0161a siln\u00e1 str\u00e1nka v grafick\u00fdch rie\u0161eniach pre firmy n\u00e1m umo\u017enila stv\u00e1rni\u0165 ve\u013ek\u00e9 mno\u017estvo inform\u00e1ci\u00ed v p\u00fatavej forme. V procese sme vyu\u017eili aj slu\u017eby ateli\u00e9rov\u00e9ho fotografa a kombinovali ich s profesion\u00e1lnymi modelmi, aby vizualiz\u00e1cia pre tla\u010d bola \u010do najpr\u00ed\u0165a\u017elivej\u0161ia.[\/vc_column_text][vc_empty_space height=&#8220;50px&#8220;][\/vc_column][vc_column width=&#8220;1\/2&#8243; offset=&#8220;vc_col-md-4&#8243;][vc_single_image image=&#8220;32352&#8243; img_size=&#8220;large&#8220; onclick=&#8220;custom_link&#8220; qode_css_animation=&#8220;&#8220; link=&#8220;https:\/\/issuu.com\/lemonlion\/docs\/eucodis_brochure_v20_digital_smallest&#8220;][vc_empty_space height=&#8220;50px&#8220;][\/vc_column][vc_column width=&#8220;1\/2&#8243; offset=&#8220;vc_col-md-4&#8243;][vc_single_image image=&#8220;32209&#8243; img_size=&#8220;large&#8220; onclick=&#8220;custom_link&#8220; qode_css_animation=&#8220;&#8220; link=&#8220;https:\/\/issuu.com\/lemonlion\/docs\/perlicka-katalog-produktov-tradicneho-slovenskeho-&#8222;][vc_empty_space height=&#8220;50px&#8220;][\/vc_column][\/vc_row][vc_row css_animation=&#8220;&#8220; row_type=&#8220;row&#8220; use_row_as_full_screen_section=&#8220;no&#8220; type=&#8220;full_width&#8220; angled_section=&#8220;no&#8220; text_align=&#8220;left&#8220; background_image_as_pattern=&#8220;without_pattern&#8220;][vc_column width=&#8220;1\/4&#8243; offset=&#8220;vc_hidden-md vc_hidden-sm vc_hidden-xs&#8220;][vc_empty_space height=&#8220;150px&#8220;][\/vc_column][vc_column width=&#8220;1\/4&#8243; offset=&#8220;vc_hidden-lg vc_hidden-sm vc_hidden-xs&#8220;][vc_empty_space height=&#8220;100px&#8220;][\/vc_column][vc_column width=&#8220;1\/4&#8243; offset=&#8220;vc_hidden-lg vc_hidden-md vc_hidden-xs&#8220;][vc_empty_space height=&#8220;100px&#8220;][\/vc_column][vc_column width=&#8220;1\/4&#8243; offset=&#8220;vc_hidden-lg vc_hidden-md vc_hidden-sm&#8220;][vc_empty_space height=&#8220;250px&#8220;][\/vc_column][\/vc_row][vc_row css_animation=&#8220;&#8220; row_type=&#8220;row&#8220; use_row_as_full_screen_section=&#8220;no&#8220; type=&#8220;full_width&#8220; angled_section=&#8220;no&#8220; text_align=&#8220;left&#8220; background_image_as_pattern=&#8220;without_pattern&#8220;][vc_column width=&#8220;5\/6&#8243; offset=&#8220;vc_col-md-offset-0 vc_col-md-6 vc_col-sm-offset-1&#8243;][vc_single_image image=&#8220;32171&#8243; img_size=&#8220;large&#8220; onclick=&#8220;custom_link&#8220; qode_css_animation=&#8220;&#8220; link=&#8220;https:\/\/issuu.com\/lemonlion\/docs\/brochure_fortune&#8220;][vc_empty_space height=&#8220;50px&#8220;][\/vc_column][vc_column width=&#8220;5\/12&#8243; offset=&#8220;vc_col-md-offset-0 vc_col-md-3 vc_col-sm-offset-1&#8243;][vc_single_image image=&#8220;32205&#8243; img_size=&#8220;large&#8220; onclick=&#8220;custom_link&#8220; qode_css_animation=&#8220;&#8220; link=&#8220;https:\/\/issuu.com\/lemonlion\/docs\/liatinove_kachle_dl_letak-sk&#8220;][vc_empty_space height=&#8220;50px&#8220;][\/vc_column][vc_column width=&#8220;5\/12&#8243; offset=&#8220;vc_col-md-offset-0 vc_col-md-3 vc_col-sm-offset-0&#8243;][vc_single_image image=&#8220;32217&#8243; img_size=&#8220;large&#8220; onclick=&#8220;custom_link&#8220; qode_css_animation=&#8220;&#8220; link=&#8220;https:\/\/issuu.com\/lemonlion\/docs\/vavrincik-dlskladacka&#8220;][vc_empty_space height=&#8220;50px&#8220;][\/vc_column][\/vc_row][vc_row css_animation=&#8220;&#8220; row_type=&#8220;row&#8220; use_row_as_full_screen_section=&#8220;no&#8220; type=&#8220;full_width&#8220; angled_section=&#8220;no&#8220; text_align=&#8220;left&#8220; background_image_as_pattern=&#8220;without_pattern&#8220;][vc_column width=&#8220;1\/2&#8243; offset=&#8220;vc_col-md-offset-1 vc_col-md-5 vc_col-sm-offset-0&#8243;][vc_single_image image=&#8220;32175&#8243; img_size=&#8220;large&#8220; onclick=&#8220;custom_link&#8220; qode_css_animation=&#8220;&#8220; link=&#8220;https:\/\/issuu.com\/lemonlion\/docs\/brozura_pmb_pracovne_odevy&#8220;][vc_empty_space height=&#8220;50px&#8220;][\/vc_column][vc_column width=&#8220;1\/2&#8243; offset=&#8220;vc_col-md-offset-0 vc_col-md-5 vc_col-sm-offset-0&#8243;][vc_single_image image=&#8220;32358&#8243; img_size=&#8220;large&#8220; onclick=&#8220;custom_link&#8220; qode_css_animation=&#8220;&#8220; link=&#8220;https:\/\/issuu.com\/lemonlion\/docs\/katalog_sluzieb_all4car05&#8243;][vc_empty_space height=&#8220;50px&#8220;][\/vc_column][\/vc_row][vc_row css_animation=&#8220;&#8220; row_type=&#8220;row&#8220; use_row_as_full_screen_section=&#8220;no&#8220; type=&#8220;full_width&#8220; angled_section=&#8220;no&#8220; text_align=&#8220;left&#8220; background_image_as_pattern=&#8220;without_pattern&#8220;][vc_column width=&#8220;1\/4&#8243; offset=&#8220;vc_hidden-md vc_hidden-sm vc_hidden-xs&#8220;][vc_empty_space height=&#8220;150px&#8220;][\/vc_column][vc_column width=&#8220;1\/4&#8243; offset=&#8220;vc_hidden-lg vc_hidden-sm vc_hidden-xs&#8220;][vc_empty_space height=&#8220;100px&#8220;][\/vc_column][vc_column width=&#8220;1\/4&#8243; offset=&#8220;vc_hidden-lg vc_hidden-md vc_hidden-xs&#8220;][vc_empty_space height=&#8220;100px&#8220;][\/vc_column][vc_column width=&#8220;1\/4&#8243; offset=&#8220;vc_hidden-lg vc_hidden-md vc_hidden-sm&#8220;][vc_empty_space height=&#8220;250px&#8220;][\/vc_column][\/vc_row]<\/p>\n<\/div>","protected":false},"excerpt":{"rendered":"<p>[vc_row css_animation=&#8220;&#8220; row_type=&#8220;row&#8220; use_row_as_full_screen_section=&#8220;no&#8220; type=&#8220;full_width&#8220; angled_section=&#8220;no&#8220; text_align=&#8220;left&#8220; background_image_as_pattern=&#8220;without_pattern&#8220;][vc_column width=&#8220;1\/4&#8243; offset=&#8220;vc_hidden-md vc_hidden-sm vc_hidden-xs&#8220;][vc_empty_space height=&#8220;100px&#8220;][\/vc_column][vc_column width=&#8220;1\/4&#8243; offset=&#8220;vc_hidden-lg vc_hidden-sm vc_hidden-xs&#8220;][vc_empty_space height=&#8220;100px&#8220;][\/vc_column][vc_column width=&#8220;1\/4&#8243; offset=&#8220;vc_hidden-lg vc_hidden-md vc_hidden-xs&#8220;][vc_empty_space height=&#8220;100px&#8220;][\/vc_column][vc_column width=&#8220;1\/4&#8243; offset=&#8220;vc_hidden-lg vc_hidden-md vc_hidden-sm&#8220;][vc_empty_space height=&#8220;50px&#8220;][\/vc_column][\/vc_row][vc_row css_animation=&#8220;&#8220; row_type=&#8220;row&#8220; use_row_as_full_screen_section=&#8220;no&#8220; type=&#8220;grid&#8220; angled_section=&#8220;no&#8220; text_align=&#8220;left&#8220; background_image_as_pattern=&#8220;without_pattern&#8220; z_index=&#8220;&#8220;][vc_column offset=&#8220;vc_col-lg-offset-2 vc_col-lg-8 vc_col-md-offset-1 vc_col-md-10 vc_col-sm-offset-0 vc_col-xs-12&#8243;][vc_column_text el_class=&#8220;zlta-ciara&#8220;] Referencie v tvorbe katal\u00f3gov, bro\u017e\u00far a let\u00e1kov [\/vc_column_text][\/vc_column][\/vc_row][vc_row css_animation=&#8220;&#8220; row_type=&#8220;row&#8220; use_row_as_full_screen_section=&#8220;no&#8220; type=&#8220;full_width&#8220; angled_section=&#8220;no&#8220; text_align=&#8220;left&#8220; background_image_as_pattern=&#8220;without_pattern&#8220;][vc_column width=&#8220;1\/4&#8243; offset=&#8220;vc_hidden-md vc_hidden-sm vc_hidden-xs&#8220;][vc_empty_space height=&#8220;150px&#8220;][\/vc_column][vc_column width=&#8220;1\/4&#8243; offset=&#8220;vc_hidden-lg vc_hidden-sm vc_hidden-xs&#8220;][vc_empty_space height=&#8220;100px&#8220;][\/vc_column][vc_column width=&#8220;1\/4&#8243; offset=&#8220;vc_hidden-lg vc_hidden-md vc_hidden-xs&#8220;][vc_empty_space height=&#8220;100px&#8220;][\/vc_column][vc_column width=&#8220;1\/4&#8243; offset=&#8220;vc_hidden-lg vc_hidden-md vc_hidden-sm&#8220;][vc_empty_space height=&#8220;50px&#8220;][\/vc_column][\/vc_row][vc_row css_animation=&#8220;&#8220; row_type=&#8220;row&#8220; use_row_as_full_screen_section=&#8220;no&#8220; type=&#8220;full_width&#8220; angled_section=&#8220;no&#8220; text_align=&#8220;left&#8220; background_image_as_pattern=&#8220;without_pattern&#8220;][vc_column width=&#8220;1\/3&#8243;][vc_single_image image=&#8220;32169&#8243; img_size=&#8220;large&#8220; onclick=&#8220;custom_link&#8220; qode_css_animation=&#8220;&#8220; link=&#8220;https:\/\/issuu.com\/lemonlion\/docs\/about_care_of_air&#8220;][vc_empty_space height=&#8220;50px&#8220;][\/vc_column][vc_column width=&#8220;1\/3&#8243;][vc_single_image image=&#8220;32173&#8243; img_size=&#8220;large&#8220; onclick=&#8220;custom_link&#8220; qode_css_animation=&#8220;&#8220; link=&#8220;https:\/\/issuu.com\/lemonlion\/docs\/bro_ra_sra3_14_-_sk_-_web&#8220;][vc_empty_space height=&#8220;50px&#8220;][\/vc_column][vc_column width=&#8220;1\/3&#8243;][vc_single_image&#8230;<\/p>\n","protected":false},"author":15,"featured_media":0,"parent":0,"menu_order":0,"comment_status":"closed","ping_status":"closed","template":"","meta":{"inline_featured_image":false,"footnotes":""},"class_list":["post-32108","page","type-page","status-publish","hentry"],"aioseo_notices":[],"_links":{"self":[{"href":"https:\/\/www.lemonlion.sk\/sk\/wp-json\/wp\/v2\/pages\/32108","targetHints":{"allow":["GET"]}}],"collection":[{"href":"https:\/\/www.lemonlion.sk\/sk\/wp-json\/wp\/v2\/pages"}],"about":[{"href":"https:\/\/www.lemonlion.sk\/sk\/wp-json\/wp\/v2\/types\/page"}],"author":[{"embeddable":true,"href":"https:\/\/www.lemonlion.sk\/sk\/wp-json\/wp\/v2\/users\/15"}],"replies":[{"embeddable":true,"href":"https:\/\/www.lemonlion.sk\/sk\/wp-json\/wp\/v2\/comments?post=32108"}],"version-history":[{"count":46,"href":"https:\/\/www.lemonlion.sk\/sk\/wp-json\/wp\/v2\/pages\/32108\/revisions"}],"predecessor-version":[{"id":32493,"href":"https:\/\/www.lemonlion.sk\/sk\/wp-json\/wp\/v2\/pages\/32108\/revisions\/32493"}],"wp:attachment":[{"href":"https:\/\/www.lemonlion.sk\/sk\/wp-json\/wp\/v2\/media?parent=32108"}],"curies":[{"name":"wp","href":"https:\/\/api.w.org\/{rel}","templated":true}]}}